{"id":361344,"date":"2026-03-08T01:59:37","date_gmt":"2026-03-08T00:59:37","guid":{"rendered":"https:\/\/grupotextil.es\/producto\/gorro-fisherman-de-algodon-organico\/"},"modified":"2026-03-08T01:59:37","modified_gmt":"2026-03-08T00:59:37","slug":"gorro-fisherman-de-algodon-organico","status":"publish","type":"product","link":"https:\/\/grupotextil.es\/en\/product\/gorro-fisherman-de-algodon-organico\/","title":{"rendered":"Beanie fisherman de algod\u00f3n org\u00e1nico"},"content":{"rendered":"<ul>\n<li>100 % algod\u00f3n org\u00e1nico<\/li>\n<li>Contiene 100 % algod\u00f3n org\u00e1nico certificado OCS (certificado por Control Union CU811033)<\/li>\n<li>Parte superior dise\u00f1ada para m\u00e1xima comodidad<\/li>\n<li>Ligero y c\u00f3modo<\/li>\n<li>Dise\u00f1o con vuelta para una personalizaci\u00f3n \u00f3ptima<\/li>\n<li>Etiqueta extra\u00edble para facilitar el cambio de marca.<\/li>\n<\/ul>","protected":false},"excerpt":{"rendered":"<p>100 % algod\u00f3n org\u00e1nicoContiene 100 % algod\u00f3n org\u00e1nico certificado OCS (certificado por Control Union CU811033)Parte superior dise\u00f1ada para m\u00e1xima comodidadLigero y c\u00f3modoDise\u00f1o con vuelta para una &#8230;<\/p>","protected":false},"featured_media":410662,"comment_status":"open","ping_status":"closed","template":"","meta":{"_acf_changed":false},"product_brand":[11655],"product_cat":[13931,13938,13986,13977,13974,13930,13975,13973],"product_tag":[14010],"class_list":{"0":"post-361344","1":"product","2":"type-product","3":"status-publish","4":"has-post-thumbnail","6":"product_brand-beechfield","7":"product_cat-rl-alta-visibilidad","8":"product_cat-camisas-corporativas","9":"product_cat-m-camisetas-manga-corta","10":"product_cat-h-camisetas-manga-corta","11":"product_cat-ropa-hombre","12":"product_cat-laboral","13":"product_cat-ropa-mujer","14":"product_cat-ropa","15":"product_tag-nuevo-2026","16":"tm-no-options","18":"first","19":"instock","20":"taxable","21":"shipping-taxable","22":"product-type-variable"},"acf":[],"_links":{"self":[{"href":"https:\/\/grupotextil.es\/en\/wp-json\/wp\/v2\/product\/361344","targetHints":{"allow":["GET"]}}],"collection":[{"href":"https:\/\/grupotextil.es\/en\/wp-json\/wp\/v2\/product"}],"about":[{"href":"https:\/\/grupotextil.es\/en\/wp-json\/wp\/v2\/types\/product"}],"replies":[{"embeddable":true,"href":"https:\/\/grupotextil.es\/en\/wp-json\/wp\/v2\/comments?post=361344"}],"wp:featuredmedia":[{"embeddable":true,"href":"https:\/\/grupotextil.es\/en\/wp-json\/wp\/v2\/media\/410662"}],"wp:attachment":[{"href":"https:\/\/grupotextil.es\/en\/wp-json\/wp\/v2\/media?parent=361344"}],"wp:term":[{"taxonomy":"product_brand","embeddable":true,"href":"https:\/\/grupotextil.es\/en\/wp-json\/wp\/v2\/product_brand?post=361344"},{"taxonomy":"product_cat","embeddable":true,"href":"https:\/\/grupotextil.es\/en\/wp-json\/wp\/v2\/product_cat?post=361344"},{"taxonomy":"product_tag","embeddable":true,"href":"https:\/\/grupotextil.es\/en\/wp-json\/wp\/v2\/product_tag?post=361344"}],"curies":[{"name":"wp","href":"https:\/\/api.w.org\/{rel}","templated":true}]}}