{"id":361354,"date":"2026-03-08T01:59:38","date_gmt":"2026-03-08T00:59:38","guid":{"rendered":"https:\/\/grupotextil.es\/producto\/camiseta-hd-mujer\/"},"modified":"2026-03-08T01:59:38","modified_gmt":"2026-03-08T00:59:38","slug":"camiseta-hd-mujer","status":"publish","type":"product","link":"https:\/\/grupotextil.es\/en\/product\/camiseta-hd-mujer\/","title":{"rendered":"Camiseta HD mujer"},"content":{"rendered":"<ul>\n<li>160 g\/m\u00b2 (White: 155 g\/m\u00b2)<\/li>\n<li>65% poli\u00e9ster, 35% algod\u00f3n ring-spun peinado<\/li>\n<li>Cuello en canal\u00e9<\/li>\n<li>Encintado de hombro a hombro<\/li>\n<li>Costuras laterales, entallada<\/li>\n<li>M\u00e1s larga<\/li>\n<li>Etiqueta adhesiva extra\u00edble<\/li>\n<li>Apropiada para impresi\u00f3n tradicional y digital<\/li>\n<\/ul>","protected":false},"excerpt":{"rendered":"<p>160 g\/m\u00b2 (White: 155 g\/m\u00b2)65% poli\u00e9ster, 35% algod\u00f3n ring-spun peinadoCuello en canal\u00e9Encintado de hombro a hombroCosturas laterales, entalladaM\u00e1s largaEtiqueta adhesiva extra\u00edbleApropiada para impres<\/p>","protected":false},"featured_media":410690,"comment_status":"open","ping_status":"closed","template":"","meta":{"_acf_changed":false},"product_brand":[11670],"product_cat":[13931,13938,13977,13986,13974,13930,13975,13973],"product_tag":[],"class_list":{"0":"post-361354","1":"product","2":"type-product","3":"status-publish","4":"has-post-thumbnail","6":"product_brand-russell-europe","7":"product_cat-rl-alta-visibilidad","8":"product_cat-camisas-corporativas","9":"product_cat-h-camisetas-manga-corta","10":"product_cat-m-camisetas-manga-corta","11":"product_cat-ropa-hombre","12":"product_cat-laboral","13":"product_cat-ropa-mujer","14":"product_cat-ropa","15":"tm-no-options","17":"first","18":"instock","19":"taxable","20":"shipping-taxable","21":"product-type-variable"},"acf":[],"_links":{"self":[{"href":"https:\/\/grupotextil.es\/en\/wp-json\/wp\/v2\/product\/361354","targetHints":{"allow":["GET"]}}],"collection":[{"href":"https:\/\/grupotextil.es\/en\/wp-json\/wp\/v2\/product"}],"about":[{"href":"https:\/\/grupotextil.es\/en\/wp-json\/wp\/v2\/types\/product"}],"replies":[{"embeddable":true,"href":"https:\/\/grupotextil.es\/en\/wp-json\/wp\/v2\/comments?post=361354"}],"wp:featuredmedia":[{"embeddable":true,"href":"https:\/\/grupotextil.es\/en\/wp-json\/wp\/v2\/media\/410690"}],"wp:attachment":[{"href":"https:\/\/grupotextil.es\/en\/wp-json\/wp\/v2\/media?parent=361354"}],"wp:term":[{"taxonomy":"product_brand","embeddable":true,"href":"https:\/\/grupotextil.es\/en\/wp-json\/wp\/v2\/product_brand?post=361354"},{"taxonomy":"product_cat","embeddable":true,"href":"https:\/\/grupotextil.es\/en\/wp-json\/wp\/v2\/product_cat?post=361354"},{"taxonomy":"product_tag","embeddable":true,"href":"https:\/\/grupotextil.es\/en\/wp-json\/wp\/v2\/product_tag?post=361354"}],"curies":[{"name":"wp","href":"https:\/\/api.w.org\/{rel}","templated":true}]}}