{"id":361472,"date":"2026-03-08T02:00:15","date_gmt":"2026-03-08T01:00:15","guid":{"rendered":"https:\/\/grupotextil.es\/producto\/camiseta-dryblend-adulto\/"},"modified":"2026-03-08T02:00:15","modified_gmt":"2026-03-08T01:00:15","slug":"camiseta-dryblend-adulto","status":"publish","type":"product","link":"https:\/\/grupotextil.es\/en\/product\/camiseta-dryblend-adulto\/","title":{"rendered":"Camiseta DryBlend adulto"},"content":{"rendered":"<ul>\n<li>186 g\/m\u00b2<\/li>\n<li>50% algod\u00f3n, 50% poli\u00e9ster<\/li>\n<li>Propiedades que absorben la humedad<\/li>\n<li>Sin pespuntes, cuello acanalado<\/li>\n<li>Encintado en cuello y hombros<\/li>\n<li>Etiqueta extra\u00edble<\/li>\n<li>Doble costura en pu\u00f1os y dobladillo inferior<\/li>\n<li>Tejido tubular<\/li>\n<li>Ajuste cl\u00e1sico<\/li>\n<\/ul>","protected":false},"excerpt":{"rendered":"<p>186 g\/m\u00b250% algod\u00f3n, 50% poli\u00e9sterPropiedades que absorben la humedadSin pespuntes, cuello acanaladoEncintado en cuello y hombrosEtiqueta extra\u00edbleDoble costura en pu\u00f1os y dobladillo inferiorTejido tu<\/p>","protected":false},"featured_media":410804,"comment_status":"open","ping_status":"closed","template":"","meta":{"_acf_changed":false},"product_brand":[11666],"product_cat":[13931,13938,13977,13986,13974,13930,13975,13973],"product_tag":[],"class_list":{"0":"post-361472","1":"product","2":"type-product","3":"status-publish","4":"has-post-thumbnail","6":"product_brand-gildan","7":"product_cat-rl-alta-visibilidad","8":"product_cat-camisas-corporativas","9":"product_cat-h-camisetas-manga-corta","10":"product_cat-m-camisetas-manga-corta","11":"product_cat-ropa-hombre","12":"product_cat-laboral","13":"product_cat-ropa-mujer","14":"product_cat-ropa","15":"tm-no-options","17":"first","18":"instock","19":"taxable","20":"shipping-taxable","21":"product-type-variable"},"acf":[],"_links":{"self":[{"href":"https:\/\/grupotextil.es\/en\/wp-json\/wp\/v2\/product\/361472","targetHints":{"allow":["GET"]}}],"collection":[{"href":"https:\/\/grupotextil.es\/en\/wp-json\/wp\/v2\/product"}],"about":[{"href":"https:\/\/grupotextil.es\/en\/wp-json\/wp\/v2\/types\/product"}],"replies":[{"embeddable":true,"href":"https:\/\/grupotextil.es\/en\/wp-json\/wp\/v2\/comments?post=361472"}],"wp:featuredmedia":[{"embeddable":true,"href":"https:\/\/grupotextil.es\/en\/wp-json\/wp\/v2\/media\/410804"}],"wp:attachment":[{"href":"https:\/\/grupotextil.es\/en\/wp-json\/wp\/v2\/media?parent=361472"}],"wp:term":[{"taxonomy":"product_brand","embeddable":true,"href":"https:\/\/grupotextil.es\/en\/wp-json\/wp\/v2\/product_brand?post=361472"},{"taxonomy":"product_cat","embeddable":true,"href":"https:\/\/grupotextil.es\/en\/wp-json\/wp\/v2\/product_cat?post=361472"},{"taxonomy":"product_tag","embeddable":true,"href":"https:\/\/grupotextil.es\/en\/wp-json\/wp\/v2\/product_tag?post=361472"}],"curies":[{"name":"wp","href":"https:\/\/api.w.org\/{rel}","templated":true}]}}