{"id":361509,"date":"2026-03-08T02:00:24","date_gmt":"2026-03-08T01:00:24","guid":{"rendered":"https:\/\/grupotextil.es\/producto\/gorra-denim\/"},"modified":"2026-03-08T02:00:24","modified_gmt":"2026-03-08T01:00:24","slug":"gorra-denim","status":"publish","type":"product","link":"https:\/\/grupotextil.es\/en\/product\/gorra-denim\/","title":{"rendered":"Cap Denim"},"content":{"rendered":"<ul>\n<li>310 g\/m\u00b2<\/li>\n<li>100 % algod\u00f3n (Denim)<\/li>\n<li>Estilo vintage<\/li>\n<li>Dise\u00f1o de perfil bajo de 6 paneles<\/li>\n<li>Corona blanda no estructurada<\/li>\n<li>Visera semicurva<\/li>\n<li>Ojales de ventilaci\u00f3n cosidos<\/li>\n<li>Banda absorbente del sudor de sarga de algod\u00f3n<\/li>\n<li>Correa del mismo tejido con hebilla met\u00e1lica deslizante<\/li>\n<li>Etiqueta extra\u00edble para facilitar el cambio de marca.<\/li>\n<\/ul>","protected":false},"excerpt":{"rendered":"<p>310 g\/m\u00b2100 % algod\u00f3n (Denim)Estilo vintageDise\u00f1o de perfil bajo de 6 panelesCorona blanda no estructuradaVisera semicurvaOjales de ventilaci\u00f3n cosidosBanda absorbente del sudor de sarga de algod\u00f3n&#8230;<\/p>","protected":false},"featured_media":410813,"comment_status":"open","ping_status":"closed","template":"","meta":{"_acf_changed":false},"product_brand":[11655],"product_cat":[13931,13938,13977,13986,13974,13930,13975,13973],"product_tag":[14010],"class_list":{"0":"post-361509","1":"product","2":"type-product","3":"status-publish","4":"has-post-thumbnail","6":"product_brand-beechfield","7":"product_cat-rl-alta-visibilidad","8":"product_cat-camisas-corporativas","9":"product_cat-h-camisetas-manga-corta","10":"product_cat-m-camisetas-manga-corta","11":"product_cat-ropa-hombre","12":"product_cat-laboral","13":"product_cat-ropa-mujer","14":"product_cat-ropa","15":"product_tag-nuevo-2026","16":"tm-no-options","18":"first","19":"instock","20":"taxable","21":"shipping-taxable","22":"product-type-variable"},"acf":[],"_links":{"self":[{"href":"https:\/\/grupotextil.es\/en\/wp-json\/wp\/v2\/product\/361509","targetHints":{"allow":["GET"]}}],"collection":[{"href":"https:\/\/grupotextil.es\/en\/wp-json\/wp\/v2\/product"}],"about":[{"href":"https:\/\/grupotextil.es\/en\/wp-json\/wp\/v2\/types\/product"}],"replies":[{"embeddable":true,"href":"https:\/\/grupotextil.es\/en\/wp-json\/wp\/v2\/comments?post=361509"}],"wp:featuredmedia":[{"embeddable":true,"href":"https:\/\/grupotextil.es\/en\/wp-json\/wp\/v2\/media\/410813"}],"wp:attachment":[{"href":"https:\/\/grupotextil.es\/en\/wp-json\/wp\/v2\/media?parent=361509"}],"wp:term":[{"taxonomy":"product_brand","embeddable":true,"href":"https:\/\/grupotextil.es\/en\/wp-json\/wp\/v2\/product_brand?post=361509"},{"taxonomy":"product_cat","embeddable":true,"href":"https:\/\/grupotextil.es\/en\/wp-json\/wp\/v2\/product_cat?post=361509"},{"taxonomy":"product_tag","embeddable":true,"href":"https:\/\/grupotextil.es\/en\/wp-json\/wp\/v2\/product_tag?post=361509"}],"curies":[{"name":"wp","href":"https:\/\/api.w.org\/{rel}","templated":true}]}}