{"id":361762,"date":"2026-03-08T02:00:33","date_gmt":"2026-03-08T01:00:33","guid":{"rendered":"https:\/\/grupotextil.es\/producto\/camiseta-hd-manga-larga-hombre\/"},"modified":"2026-03-08T02:00:33","modified_gmt":"2026-03-08T01:00:33","slug":"camiseta-hd-manga-larga-hombre","status":"publish","type":"product","link":"https:\/\/grupotextil.es\/en\/product\/camiseta-hd-manga-larga-hombre\/","title":{"rendered":"Camiseta HD manga larga hombre"},"content":{"rendered":"<ul>\n<li>160 g\/m\u00b2 (White: 155 g\/m\u00b2)<\/li>\n<li>65% poli\u00e9ster, 35% algod\u00f3n ring-spun peinado<\/li>\n<li>Cuello redondo, puntadas a una aguja alrededor del cuello<\/li>\n<li>Encintado de hombro a hombro<\/li>\n<li>Costuras laterales<\/li>\n<li>Corte entallado<\/li>\n<li>Etiqueta adhesiva extra\u00edble<\/li>\n<li>Apropiado para sublimaci\u00f3n, bordado, serigraf\u00eda e impresi\u00f3n<\/li>\n<\/ul>","protected":false},"excerpt":{"rendered":"<p>160 g\/m\u00b2 (White: 155 g\/m\u00b2)65% poli\u00e9ster, 35% algod\u00f3n ring-spun peinadoCuello redondo, puntadas a una aguja alrededor del cuelloEncintado de hombro a hombroCosturas lateralesCorte entalladoEtiqueta adh<\/p>","protected":false},"featured_media":410882,"comment_status":"open","ping_status":"closed","template":"","meta":{"_acf_changed":false},"product_brand":[11670],"product_cat":[13931,13977,13986,13974,13930,13975,13973],"product_tag":[],"class_list":{"0":"post-361762","1":"product","2":"type-product","3":"status-publish","4":"has-post-thumbnail","6":"product_brand-russell-europe","7":"product_cat-rl-alta-visibilidad","8":"product_cat-h-camisetas-manga-corta","9":"product_cat-m-camisetas-manga-corta","10":"product_cat-ropa-hombre","11":"product_cat-laboral","12":"product_cat-ropa-mujer","13":"product_cat-ropa","14":"tm-no-options","16":"first","17":"instock","18":"taxable","19":"shipping-taxable","20":"product-type-variable"},"acf":[],"_links":{"self":[{"href":"https:\/\/grupotextil.es\/en\/wp-json\/wp\/v2\/product\/361762","targetHints":{"allow":["GET"]}}],"collection":[{"href":"https:\/\/grupotextil.es\/en\/wp-json\/wp\/v2\/product"}],"about":[{"href":"https:\/\/grupotextil.es\/en\/wp-json\/wp\/v2\/types\/product"}],"replies":[{"embeddable":true,"href":"https:\/\/grupotextil.es\/en\/wp-json\/wp\/v2\/comments?post=361762"}],"wp:featuredmedia":[{"embeddable":true,"href":"https:\/\/grupotextil.es\/en\/wp-json\/wp\/v2\/media\/410882"}],"wp:attachment":[{"href":"https:\/\/grupotextil.es\/en\/wp-json\/wp\/v2\/media?parent=361762"}],"wp:term":[{"taxonomy":"product_brand","embeddable":true,"href":"https:\/\/grupotextil.es\/en\/wp-json\/wp\/v2\/product_brand?post=361762"},{"taxonomy":"product_cat","embeddable":true,"href":"https:\/\/grupotextil.es\/en\/wp-json\/wp\/v2\/product_cat?post=361762"},{"taxonomy":"product_tag","embeddable":true,"href":"https:\/\/grupotextil.es\/en\/wp-json\/wp\/v2\/product_tag?post=361762"}],"curies":[{"name":"wp","href":"https:\/\/api.w.org\/{rel}","templated":true}]}}