{"id":361786,"date":"2026-03-08T02:00:35","date_gmt":"2026-03-08T01:00:35","guid":{"rendered":"https:\/\/grupotextil.es\/producto\/camiseta-mujer-manga-enrolladas\/"},"modified":"2026-03-08T02:00:35","modified_gmt":"2026-03-08T01:00:35","slug":"camiseta-mujer-manga-enrolladas","status":"publish","type":"product","link":"https:\/\/grupotextil.es\/en\/product\/camiseta-mujer-manga-enrolladas\/","title":{"rendered":"Camiseta mujer manga enrolladas"},"content":{"rendered":"<ul>\n<li>125 g\/m\u00b2<\/li>\n<li>65% poli\u00e9ster, 35% viscosa<\/li>\n<li>Cuello redondo en canal\u00e9<\/li>\n<li>Mangas enrolladas y fijas<\/li>\n<li>Dobladillo con acabado descosido<\/li>\n<li>Espalda m\u00e1s larga<\/li>\n<li>Corte drapeado y holgado<\/li>\n<\/ul>","protected":false},"excerpt":{"rendered":"<p>125 g\/m\u00b265% poli\u00e9ster, 35% viscosaCuello redondo en canal\u00e9Mangas enrolladas y fijasDobladillo con acabado descosidoEspalda m\u00e1s largaCorte drapeado y holgado<\/p>","protected":false},"featured_media":410897,"comment_status":"open","ping_status":"closed","template":"","meta":{"_acf_changed":false},"product_brand":[11667],"product_cat":[13931,13977,13986,13974,13930,13975,13973],"product_tag":[],"class_list":{"0":"post-361786","1":"product","2":"type-product","3":"status-publish","4":"has-post-thumbnail","6":"product_brand-bella","7":"product_cat-rl-alta-visibilidad","8":"product_cat-h-camisetas-manga-corta","9":"product_cat-m-camisetas-manga-corta","10":"product_cat-ropa-hombre","11":"product_cat-laboral","12":"product_cat-ropa-mujer","13":"product_cat-ropa","14":"tm-no-options","16":"first","17":"instock","18":"taxable","19":"shipping-taxable","20":"product-type-variable"},"acf":[],"_links":{"self":[{"href":"https:\/\/grupotextil.es\/en\/wp-json\/wp\/v2\/product\/361786","targetHints":{"allow":["GET"]}}],"collection":[{"href":"https:\/\/grupotextil.es\/en\/wp-json\/wp\/v2\/product"}],"about":[{"href":"https:\/\/grupotextil.es\/en\/wp-json\/wp\/v2\/types\/product"}],"replies":[{"embeddable":true,"href":"https:\/\/grupotextil.es\/en\/wp-json\/wp\/v2\/comments?post=361786"}],"wp:featuredmedia":[{"embeddable":true,"href":"https:\/\/grupotextil.es\/en\/wp-json\/wp\/v2\/media\/410897"}],"wp:attachment":[{"href":"https:\/\/grupotextil.es\/en\/wp-json\/wp\/v2\/media?parent=361786"}],"wp:term":[{"taxonomy":"product_brand","embeddable":true,"href":"https:\/\/grupotextil.es\/en\/wp-json\/wp\/v2\/product_brand?post=361786"},{"taxonomy":"product_cat","embeddable":true,"href":"https:\/\/grupotextil.es\/en\/wp-json\/wp\/v2\/product_cat?post=361786"},{"taxonomy":"product_tag","embeddable":true,"href":"https:\/\/grupotextil.es\/en\/wp-json\/wp\/v2\/product_tag?post=361786"}],"curies":[{"name":"wp","href":"https:\/\/api.w.org\/{rel}","templated":true}]}}