{"id":361794,"date":"2026-03-08T02:00:35","date_gmt":"2026-03-08T01:00:35","guid":{"rendered":"https:\/\/grupotextil.es\/producto\/camiseta-ultra-manga-larga-hombre\/"},"modified":"2026-03-08T02:00:35","modified_gmt":"2026-03-08T01:00:35","slug":"camiseta-ultra-manga-larga-hombre","status":"publish","type":"product","link":"https:\/\/grupotextil.es\/en\/product\/camiseta-ultra-manga-larga-hombre\/","title":{"rendered":"Camiseta Ultra manga larga hombre"},"content":{"rendered":"<ul>\n<li>203 g\/m\u00b2 (White: 193 g\/m\u00b2)<\/li>\n<li>100% algod\u00f3n<\/li>\n<li>(Ash: 99% algod\u00f3n, 1% poli\u00e9ster; cinzento esportivo: 90% algod\u00f3n, 10% poli\u00e9ster; Dark Heather, Safety Green, Safety Orange: 50% algod\u00f3n, 50% poli\u00e9ster)<\/li>\n<li>Sin pespuntes, cuello en canal\u00e9<\/li>\n<li>Encintado en cuello de hombro a hombro<\/li>\n<li>Doble costura en mangas y cuello.<\/li>\n<li>Tejido tubular<\/li>\n<li>Ajuste cl\u00e1sico<\/li>\n<\/ul>","protected":false},"excerpt":{"rendered":"<p>203 g\/m\u00b2 (White: 193 g\/m\u00b2)100% algod\u00f3n(Ash: 99% algod\u00f3n, 1% poli\u00e9ster; cinzento esportivo: 90% algod\u00f3n, 10% poli\u00e9ster; Dark Heather, Safety Green, Safety Orange: 50% algod\u00f3n, 50% poli\u00e9ster)Sin pesp&#8230;<\/p>","protected":false},"featured_media":410900,"comment_status":"open","ping_status":"closed","template":"","meta":{"_acf_changed":false},"product_brand":[11666],"product_cat":[13931,13986,13977,13974,13930,13975,13973],"product_tag":[14009],"class_list":{"0":"post-361794","1":"product","2":"type-product","3":"status-publish","4":"has-post-thumbnail","6":"product_brand-gildan","7":"product_cat-rl-alta-visibilidad","8":"product_cat-m-camisetas-manga-corta","9":"product_cat-h-camisetas-manga-corta","10":"product_cat-ropa-hombre","11":"product_cat-laboral","12":"product_cat-ropa-mujer","13":"product_cat-ropa","14":"product_tag-top-ventas","15":"tm-no-options","17":"first","18":"instock","19":"taxable","20":"shipping-taxable","21":"product-type-variable"},"acf":[],"_links":{"self":[{"href":"https:\/\/grupotextil.es\/en\/wp-json\/wp\/v2\/product\/361794","targetHints":{"allow":["GET"]}}],"collection":[{"href":"https:\/\/grupotextil.es\/en\/wp-json\/wp\/v2\/product"}],"about":[{"href":"https:\/\/grupotextil.es\/en\/wp-json\/wp\/v2\/types\/product"}],"replies":[{"embeddable":true,"href":"https:\/\/grupotextil.es\/en\/wp-json\/wp\/v2\/comments?post=361794"}],"wp:featuredmedia":[{"embeddable":true,"href":"https:\/\/grupotextil.es\/en\/wp-json\/wp\/v2\/media\/410900"}],"wp:attachment":[{"href":"https:\/\/grupotextil.es\/en\/wp-json\/wp\/v2\/media?parent=361794"}],"wp:term":[{"taxonomy":"product_brand","embeddable":true,"href":"https:\/\/grupotextil.es\/en\/wp-json\/wp\/v2\/product_brand?post=361794"},{"taxonomy":"product_cat","embeddable":true,"href":"https:\/\/grupotextil.es\/en\/wp-json\/wp\/v2\/product_cat?post=361794"},{"taxonomy":"product_tag","embeddable":true,"href":"https:\/\/grupotextil.es\/en\/wp-json\/wp\/v2\/product_tag?post=361794"}],"curies":[{"name":"wp","href":"https:\/\/api.w.org\/{rel}","templated":true}]}}