{"id":362286,"date":"2026-03-08T02:01:24","date_gmt":"2026-03-08T01:01:24","guid":{"rendered":"https:\/\/grupotextil.es\/producto\/camiseta-atleta-unisex\/"},"modified":"2026-03-08T02:01:24","modified_gmt":"2026-03-08T01:01:24","slug":"camiseta-atleta-unisex","status":"publish","type":"product","link":"https:\/\/grupotextil.es\/en\/product\/camiseta-atleta-unisex\/","title":{"rendered":"T-Shirt atleta Unisex"},"content":{"rendered":"<ul>\n<li>142 g\/m\u00b2<\/li>\n<li>100% algod\u00f3n ring-spun peinado<\/li>\n<li>Neon y Heather: 122 g\/m\u00b2, 52% algod\u00f3n, 48% poli\u00e9ster<\/li>\n<li>Triblend: 128 g\/m\u00b2, 50% poli\u00e9ster, 25% algod\u00f3n, 25% viscosa<\/li>\n<li>Athletic Heather: 90% poli\u00e9ster, 10% algod\u00f3n<\/li>\n<li>Camiseta atleta con cuello redondo<\/li>\n<li>Escote y sisas en canal\u00e9 fino<\/li>\n<li>Costuras laterales<\/li>\n<li>Corte ajustado<\/li>\n<\/ul>","protected":false},"excerpt":{"rendered":"<p>142 g\/m\u00b2100% algod\u00f3n ring-spun peinadoNeon y Heather: 122 g\/m\u00b2, 52% algod\u00f3n, 48% poli\u00e9sterTriblend: 128 g\/m\u00b2, 50% poli\u00e9ster, 25% algod\u00f3n, 25% viscosaAthletic Heather: 90% poli\u00e9ster, 10% algod\u00f3nCamiset<\/p>","protected":false},"featured_media":411031,"comment_status":"open","ping_status":"closed","template":"","meta":{"_acf_changed":false},"product_brand":[11667],"product_cat":[13931,13977,13986,13974,13930,13975,13973],"product_tag":[],"class_list":{"0":"post-362286","1":"product","2":"type-product","3":"status-publish","4":"has-post-thumbnail","6":"product_brand-bella","7":"product_cat-rl-alta-visibilidad","8":"product_cat-h-camisetas-manga-corta","9":"product_cat-m-camisetas-manga-corta","10":"product_cat-ropa-hombre","11":"product_cat-laboral","12":"product_cat-ropa-mujer","13":"product_cat-ropa","14":"tm-no-options","16":"first","17":"instock","18":"taxable","19":"shipping-taxable","20":"product-type-variable"},"acf":[],"_links":{"self":[{"href":"https:\/\/grupotextil.es\/en\/wp-json\/wp\/v2\/product\/362286","targetHints":{"allow":["GET"]}}],"collection":[{"href":"https:\/\/grupotextil.es\/en\/wp-json\/wp\/v2\/product"}],"about":[{"href":"https:\/\/grupotextil.es\/en\/wp-json\/wp\/v2\/types\/product"}],"replies":[{"embeddable":true,"href":"https:\/\/grupotextil.es\/en\/wp-json\/wp\/v2\/comments?post=362286"}],"wp:featuredmedia":[{"embeddable":true,"href":"https:\/\/grupotextil.es\/en\/wp-json\/wp\/v2\/media\/411031"}],"wp:attachment":[{"href":"https:\/\/grupotextil.es\/en\/wp-json\/wp\/v2\/media?parent=362286"}],"wp:term":[{"taxonomy":"product_brand","embeddable":true,"href":"https:\/\/grupotextil.es\/en\/wp-json\/wp\/v2\/product_brand?post=362286"},{"taxonomy":"product_cat","embeddable":true,"href":"https:\/\/grupotextil.es\/en\/wp-json\/wp\/v2\/product_cat?post=362286"},{"taxonomy":"product_tag","embeddable":true,"href":"https:\/\/grupotextil.es\/en\/wp-json\/wp\/v2\/product_tag?post=362286"}],"curies":[{"name":"wp","href":"https:\/\/api.w.org\/{rel}","templated":true}]}}