{"id":362315,"date":"2026-03-08T02:01:25","date_gmt":"2026-03-08T01:01:25","guid":{"rendered":"https:\/\/grupotextil.es\/producto\/camiseta-atleta-adulto-tank\/"},"modified":"2026-03-08T02:01:25","modified_gmt":"2026-03-08T01:01:25","slug":"camiseta-atleta-adulto-tank","status":"publish","type":"product","link":"https:\/\/grupotextil.es\/en\/product\/camiseta-atleta-adulto-tank\/","title":{"rendered":"Camiseta atleta adulto Tank"},"content":{"rendered":"<ul>\n<li>153 g\/m\u00b2 (White: 144 g\/m\u00b2)<\/li>\n<li>100% algod\u00f3n ring-spun preencogido<\/li>\n<li>Sport Grey: 90% algod\u00f3n, 10% poli\u00e9ster<\/li>\n<li>Tejido de alta densidad, superficie de impresi\u00f3n suave, ideal para DTG<\/li>\n<li>Tirantes anchos<\/li>\n<li>Ribete del mismo tejido en escote y sisas<\/li>\n<li>Doble costura en dobladillo inferior<\/li>\n<li>Tejido tubular<\/li>\n<li>F\u00e1cil de reetiquetar<\/li>\n<li>Semiajustado<\/li>\n<\/ul>","protected":false},"excerpt":{"rendered":"<p>153 g\/m\u00b2 (White: 144 g\/m\u00b2)100% algod\u00f3n ring-spun preencogidoSport Grey: 90% algod\u00f3n, 10% poli\u00e9sterTejido de alta densidad, superficie de impresi\u00f3n suave, ideal para DTGTirantes anchosRibete del mismo<\/p>","protected":false},"featured_media":411033,"comment_status":"open","ping_status":"closed","template":"","meta":{"_acf_changed":false},"product_brand":[11666],"product_cat":[13931,13977,13986,13974,13930,13975,13973],"product_tag":[],"class_list":{"0":"post-362315","1":"product","2":"type-product","3":"status-publish","4":"has-post-thumbnail","6":"product_brand-gildan","7":"product_cat-rl-alta-visibilidad","8":"product_cat-h-camisetas-manga-corta","9":"product_cat-m-camisetas-manga-corta","10":"product_cat-ropa-hombre","11":"product_cat-laboral","12":"product_cat-ropa-mujer","13":"product_cat-ropa","14":"tm-no-options","16":"first","17":"instock","18":"taxable","19":"shipping-taxable","20":"product-type-variable"},"acf":[],"_links":{"self":[{"href":"https:\/\/grupotextil.es\/en\/wp-json\/wp\/v2\/product\/362315","targetHints":{"allow":["GET"]}}],"collection":[{"href":"https:\/\/grupotextil.es\/en\/wp-json\/wp\/v2\/product"}],"about":[{"href":"https:\/\/grupotextil.es\/en\/wp-json\/wp\/v2\/types\/product"}],"replies":[{"embeddable":true,"href":"https:\/\/grupotextil.es\/en\/wp-json\/wp\/v2\/comments?post=362315"}],"wp:featuredmedia":[{"embeddable":true,"href":"https:\/\/grupotextil.es\/en\/wp-json\/wp\/v2\/media\/411033"}],"wp:attachment":[{"href":"https:\/\/grupotextil.es\/en\/wp-json\/wp\/v2\/media?parent=362315"}],"wp:term":[{"taxonomy":"product_brand","embeddable":true,"href":"https:\/\/grupotextil.es\/en\/wp-json\/wp\/v2\/product_brand?post=362315"},{"taxonomy":"product_cat","embeddable":true,"href":"https:\/\/grupotextil.es\/en\/wp-json\/wp\/v2\/product_cat?post=362315"},{"taxonomy":"product_tag","embeddable":true,"href":"https:\/\/grupotextil.es\/en\/wp-json\/wp\/v2\/product_tag?post=362315"}],"curies":[{"name":"wp","href":"https:\/\/api.w.org\/{rel}","templated":true}]}}