{"id":362346,"date":"2026-03-08T02:01:27","date_gmt":"2026-03-08T01:01:27","guid":{"rendered":"https:\/\/grupotextil.es\/producto\/camiseta-sin-mangas-exact-move\/"},"modified":"2026-03-08T02:01:27","modified_gmt":"2026-03-08T01:01:27","slug":"camiseta-sin-mangas-exact-move","status":"publish","type":"product","link":"https:\/\/grupotextil.es\/en\/product\/camiseta-sin-mangas-exact-move\/","title":{"rendered":"T-Shirt sin mangas Exact Move"},"content":{"rendered":"<ul>\n<li>145 g\/m\u00b2<\/li>\n<li>100% algod\u00f3n preencogido ring-spun<\/li>\n<li>Single Jersey<\/li>\n<li>Sport Grey: 85% algod\u00f3n, 15% viscosa<\/li>\n<li>Canal\u00e9 1&#215;1 estrecho en cuello con elast\u00e1n<\/li>\n<li>Cuello encintado<\/li>\n<li>Corte recto<\/li>\n<li>Costuras laterales<\/li>\n<li>Mangas y dobladillo inferior de doble costura<\/li>\n<\/ul>","protected":false},"excerpt":{"rendered":"<p>145 g\/m\u00b2100% algod\u00f3n preencogido ring-spunSingle JerseySport Grey: 85% algod\u00f3n, 15% viscosaCanal\u00e9 1&#215;1 estrecho en cuello con elast\u00e1nCuello encintadoCorte rectoCosturas lateralesMangas y dobladillo inf<\/p>","protected":false},"featured_media":411040,"comment_status":"open","ping_status":"closed","template":"","meta":{"_acf_changed":false},"product_brand":[11653],"product_cat":[13931,13977,13986,13974,13930,13975,13973],"product_tag":[],"class_list":{"0":"post-362346","1":"product","2":"type-product","3":"status-publish","4":"has-post-thumbnail","6":"product_brand-b-c","7":"product_cat-rl-alta-visibilidad","8":"product_cat-h-camisetas-manga-corta","9":"product_cat-m-camisetas-manga-corta","10":"product_cat-ropa-hombre","11":"product_cat-laboral","12":"product_cat-ropa-mujer","13":"product_cat-ropa","14":"tm-no-options","16":"first","17":"instock","18":"taxable","19":"shipping-taxable","20":"product-type-variable"},"acf":[],"_links":{"self":[{"href":"https:\/\/grupotextil.es\/en\/wp-json\/wp\/v2\/product\/362346","targetHints":{"allow":["GET"]}}],"collection":[{"href":"https:\/\/grupotextil.es\/en\/wp-json\/wp\/v2\/product"}],"about":[{"href":"https:\/\/grupotextil.es\/en\/wp-json\/wp\/v2\/types\/product"}],"replies":[{"embeddable":true,"href":"https:\/\/grupotextil.es\/en\/wp-json\/wp\/v2\/comments?post=362346"}],"wp:featuredmedia":[{"embeddable":true,"href":"https:\/\/grupotextil.es\/en\/wp-json\/wp\/v2\/media\/411040"}],"wp:attachment":[{"href":"https:\/\/grupotextil.es\/en\/wp-json\/wp\/v2\/media?parent=362346"}],"wp:term":[{"taxonomy":"product_brand","embeddable":true,"href":"https:\/\/grupotextil.es\/en\/wp-json\/wp\/v2\/product_brand?post=362346"},{"taxonomy":"product_cat","embeddable":true,"href":"https:\/\/grupotextil.es\/en\/wp-json\/wp\/v2\/product_cat?post=362346"},{"taxonomy":"product_tag","embeddable":true,"href":"https:\/\/grupotextil.es\/en\/wp-json\/wp\/v2\/product_tag?post=362346"}],"curies":[{"name":"wp","href":"https:\/\/api.w.org\/{rel}","templated":true}]}}