{"id":362430,"date":"2026-03-08T02:01:41","date_gmt":"2026-03-08T01:01:41","guid":{"rendered":"https:\/\/grupotextil.es\/producto\/camiseta-atleta-side\/"},"modified":"2026-03-08T02:01:41","modified_gmt":"2026-03-08T01:01:41","slug":"camiseta-atleta-side","status":"publish","type":"product","link":"https:\/\/grupotextil.es\/en\/product\/camiseta-atleta-side\/","title":{"rendered":"T-Shirt atleta Side"},"content":{"rendered":"<ul>\n<li>125 g\/m\u00b2<\/li>\n<li>65% poli\u00e9ster, 35% viscosa<\/li>\n<li>Athletic Heather: 52% poli\u00e9ster, 48% viscosa<\/li>\n<li>Heather Navy: 70% poli\u00e9ster, 30% viscosa<\/li>\n<li>Escote amplio<\/li>\n<li>Costuras laterales con abertura lateral<\/li>\n<li>Dobladillo redondeado<\/li>\n<li>Corte c\u00f3modo<\/li>\n<\/ul>","protected":false},"excerpt":{"rendered":"<p>125 g\/m\u00b265% poli\u00e9ster, 35% viscosaAthletic Heather: 52% poli\u00e9ster, 48% viscosaHeather Navy: 70% poli\u00e9ster, 30% viscosaEscote amplioCosturas laterales con abertura lateralDobladillo redondeadoCorte c\u00f3m<\/p>","protected":false},"featured_media":411100,"comment_status":"open","ping_status":"closed","template":"","meta":{"_acf_changed":false},"product_brand":[11667],"product_cat":[13931,13977,13986,13974,13930,13975,13973],"product_tag":[],"class_list":{"0":"post-362430","1":"product","2":"type-product","3":"status-publish","4":"has-post-thumbnail","6":"product_brand-bella","7":"product_cat-rl-alta-visibilidad","8":"product_cat-h-camisetas-manga-corta","9":"product_cat-m-camisetas-manga-corta","10":"product_cat-ropa-hombre","11":"product_cat-laboral","12":"product_cat-ropa-mujer","13":"product_cat-ropa","14":"tm-no-options","16":"first","17":"instock","18":"taxable","19":"shipping-taxable","20":"product-type-variable"},"acf":[],"_links":{"self":[{"href":"https:\/\/grupotextil.es\/en\/wp-json\/wp\/v2\/product\/362430","targetHints":{"allow":["GET"]}}],"collection":[{"href":"https:\/\/grupotextil.es\/en\/wp-json\/wp\/v2\/product"}],"about":[{"href":"https:\/\/grupotextil.es\/en\/wp-json\/wp\/v2\/types\/product"}],"replies":[{"embeddable":true,"href":"https:\/\/grupotextil.es\/en\/wp-json\/wp\/v2\/comments?post=362430"}],"wp:featuredmedia":[{"embeddable":true,"href":"https:\/\/grupotextil.es\/en\/wp-json\/wp\/v2\/media\/411100"}],"wp:attachment":[{"href":"https:\/\/grupotextil.es\/en\/wp-json\/wp\/v2\/media?parent=362430"}],"wp:term":[{"taxonomy":"product_brand","embeddable":true,"href":"https:\/\/grupotextil.es\/en\/wp-json\/wp\/v2\/product_brand?post=362430"},{"taxonomy":"product_cat","embeddable":true,"href":"https:\/\/grupotextil.es\/en\/wp-json\/wp\/v2\/product_cat?post=362430"},{"taxonomy":"product_tag","embeddable":true,"href":"https:\/\/grupotextil.es\/en\/wp-json\/wp\/v2\/product_tag?post=362430"}],"curies":[{"name":"wp","href":"https:\/\/api.w.org\/{rel}","templated":true}]}}