{"id":362432,"date":"2026-03-08T02:01:42","date_gmt":"2026-03-08T01:01:42","guid":{"rendered":"https:\/\/grupotextil.es\/producto\/camiseta-classic\/"},"modified":"2026-03-08T02:01:42","modified_gmt":"2026-03-08T01:01:42","slug":"camiseta-classic","status":"publish","type":"product","link":"https:\/\/grupotextil.es\/en\/product\/camiseta-classic\/","title":{"rendered":"T-Shirt Classic"},"content":{"rendered":"<ul>\n<li>180 g\/m\u00b2 (White: 175 g\/m\u00b2)<\/li>\n<li>100% algod\u00f3n ring-spun<\/li>\n<li>Light Oxford: 93% algod\u00f3n, 7% poli\u00e9ster<\/li>\n<li>Cuello en canal\u00e9<\/li>\n<li>Cuello encintado de hombro a hombro<\/li>\n<li>Doble costura en mangas y dobladillo<\/li>\n<li>Tejido tubular (excepto Light Oxford)<\/li>\n<\/ul>","protected":false},"excerpt":{"rendered":"<p>180 g\/m\u00b2 (White: 175 g\/m\u00b2)100% algod\u00f3n ring-spunLight Oxford: 93% algod\u00f3n, 7% poli\u00e9sterCuello en canal\u00e9Cuello encintado de hombro a hombroDoble costura en mangas y dobladilloTejido tubular (excepto Li<\/p>","protected":false},"featured_media":411102,"comment_status":"open","ping_status":"closed","template":"","meta":{"_acf_changed":false},"product_brand":[11670],"product_cat":[13931,13986,13977,13974,13930,13975,13973],"product_tag":[14009],"class_list":{"0":"post-362432","1":"product","2":"type-product","3":"status-publish","4":"has-post-thumbnail","6":"product_brand-russell-europe","7":"product_cat-rl-alta-visibilidad","8":"product_cat-m-camisetas-manga-corta","9":"product_cat-h-camisetas-manga-corta","10":"product_cat-ropa-hombre","11":"product_cat-laboral","12":"product_cat-ropa-mujer","13":"product_cat-ropa","14":"product_tag-top-ventas","15":"tm-no-options","17":"first","18":"instock","19":"taxable","20":"shipping-taxable","21":"product-type-variable"},"acf":[],"_links":{"self":[{"href":"https:\/\/grupotextil.es\/en\/wp-json\/wp\/v2\/product\/362432","targetHints":{"allow":["GET"]}}],"collection":[{"href":"https:\/\/grupotextil.es\/en\/wp-json\/wp\/v2\/product"}],"about":[{"href":"https:\/\/grupotextil.es\/en\/wp-json\/wp\/v2\/types\/product"}],"replies":[{"embeddable":true,"href":"https:\/\/grupotextil.es\/en\/wp-json\/wp\/v2\/comments?post=362432"}],"wp:featuredmedia":[{"embeddable":true,"href":"https:\/\/grupotextil.es\/en\/wp-json\/wp\/v2\/media\/411102"}],"wp:attachment":[{"href":"https:\/\/grupotextil.es\/en\/wp-json\/wp\/v2\/media?parent=362432"}],"wp:term":[{"taxonomy":"product_brand","embeddable":true,"href":"https:\/\/grupotextil.es\/en\/wp-json\/wp\/v2\/product_brand?post=362432"},{"taxonomy":"product_cat","embeddable":true,"href":"https:\/\/grupotextil.es\/en\/wp-json\/wp\/v2\/product_cat?post=362432"},{"taxonomy":"product_tag","embeddable":true,"href":"https:\/\/grupotextil.es\/en\/wp-json\/wp\/v2\/product_tag?post=362432"}],"curies":[{"name":"wp","href":"https:\/\/api.w.org\/{rel}","templated":true}]}}