{"id":362584,"date":"2026-03-08T02:02:23","date_gmt":"2026-03-08T01:02:23","guid":{"rendered":"https:\/\/grupotextil.es\/producto\/camiseta-algodon-heavy-t\/"},"modified":"2026-03-08T02:02:23","modified_gmt":"2026-03-08T01:02:23","slug":"camiseta-algodon-heavy-t","status":"publish","type":"product","link":"https:\/\/grupotextil.es\/en\/product\/camiseta-algodon-heavy-t\/","title":{"rendered":"T-Shirt algod\u00f3n Heavy T"},"content":{"rendered":"<ul>\n<li>195 g\/m\u00b2 (White: 185 g\/m\u00b2)<\/li>\n<li>100% algod\u00f3n (masclado cinza: 97% algod\u00f3n, 3% poli\u00e9ster)<\/li>\n<li>Cuello acabado en canal\u00e9<\/li>\n<li>Forma moderna de la manga<\/li>\n<li>Puntadas a doble aguja en las mangas y el dobladillo inferior<\/li>\n<li>Tejido tubular<\/li>\n<\/ul>","protected":false},"excerpt":{"rendered":"<p>195 g\/m\u00b2 (White: 185 g\/m\u00b2)100% algod\u00f3n (masclado cinza: 97% algod\u00f3n, 3% poli\u00e9ster)Cuello acabado en canal\u00e9Forma moderna de la mangaPuntadas a doble aguja en las mangas y el dobladillo inferiorTejido t<\/p>","protected":false},"featured_media":411126,"comment_status":"open","ping_status":"closed","template":"","meta":{"_acf_changed":false},"product_brand":[11665],"product_cat":[13931,13986,13977,13974,13930,13975,13973],"product_tag":[14009],"class_list":{"0":"post-362584","1":"product","2":"type-product","3":"status-publish","4":"has-post-thumbnail","6":"product_brand-fruit-of-the-loom","7":"product_cat-rl-alta-visibilidad","8":"product_cat-m-camisetas-manga-corta","9":"product_cat-h-camisetas-manga-corta","10":"product_cat-ropa-hombre","11":"product_cat-laboral","12":"product_cat-ropa-mujer","13":"product_cat-ropa","14":"product_tag-top-ventas","15":"tm-no-options","17":"first","18":"instock","19":"taxable","20":"shipping-taxable","21":"product-type-variable"},"acf":[],"_links":{"self":[{"href":"https:\/\/grupotextil.es\/en\/wp-json\/wp\/v2\/product\/362584","targetHints":{"allow":["GET"]}}],"collection":[{"href":"https:\/\/grupotextil.es\/en\/wp-json\/wp\/v2\/product"}],"about":[{"href":"https:\/\/grupotextil.es\/en\/wp-json\/wp\/v2\/types\/product"}],"replies":[{"embeddable":true,"href":"https:\/\/grupotextil.es\/en\/wp-json\/wp\/v2\/comments?post=362584"}],"wp:featuredmedia":[{"embeddable":true,"href":"https:\/\/grupotextil.es\/en\/wp-json\/wp\/v2\/media\/411126"}],"wp:attachment":[{"href":"https:\/\/grupotextil.es\/en\/wp-json\/wp\/v2\/media?parent=362584"}],"wp:term":[{"taxonomy":"product_brand","embeddable":true,"href":"https:\/\/grupotextil.es\/en\/wp-json\/wp\/v2\/product_brand?post=362584"},{"taxonomy":"product_cat","embeddable":true,"href":"https:\/\/grupotextil.es\/en\/wp-json\/wp\/v2\/product_cat?post=362584"},{"taxonomy":"product_tag","embeddable":true,"href":"https:\/\/grupotextil.es\/en\/wp-json\/wp\/v2\/product_tag?post=362584"}],"curies":[{"name":"wp","href":"https:\/\/api.w.org\/{rel}","templated":true}]}}