{"id":362609,"date":"2026-03-08T02:02:24","date_gmt":"2026-03-08T01:02:24","guid":{"rendered":"https:\/\/grupotextil.es\/producto\/camiseta-heavy-adulto\/"},"modified":"2026-03-08T02:02:24","modified_gmt":"2026-03-08T01:02:24","slug":"camiseta-heavy-adulto","status":"publish","type":"product","link":"https:\/\/grupotextil.es\/en\/product\/camiseta-heavy-adulto\/","title":{"rendered":"Camiseta Heavy adulto"},"content":{"rendered":"<ul>\n<li>180 g\/m\u00b2 (White: 170 g\/m\u00b2)<\/li>\n<li>100% algod\u00f3n (jersey)<\/li>\n<li>Ash: 99% algod\u00f3n, 1% poli\u00e9ster; Sport Grey, colores Antique: 90% algod\u00f3n, 10% poli\u00e9ster<\/li>\n<li>Todos los colores Heather, Blackberry,Lilac,Midnight,Russet,Sunset,Tweed : 50% algod\u00f3n, 50% poli\u00e9ster<\/li>\n<li>Hilo Open-end<\/li>\n<li>Encintado de hombro a hombro<\/li>\n<li>Costuras dobles en mangas y dobladillo<\/li>\n<li>Tejido tubular<\/li>\n<li>Etiqueta extra\u00edble<\/li>\n<li>Ajuste cl\u00e1sico<\/li>\n<\/ul>","protected":false},"excerpt":{"rendered":"<p>180 g\/m\u00b2 (White: 170 g\/m\u00b2)100% algod\u00f3n (jersey)Ash: 99% algod\u00f3n, 1% poli\u00e9ster; Sport Grey, colores Antique: 90% algod\u00f3n, 10% poli\u00e9sterTodos los colores Heather, Blackberry,Lilac,Midnight,Russet,Sunset<\/p>","protected":false},"featured_media":411152,"comment_status":"open","ping_status":"closed","template":"","meta":{"_acf_changed":false},"product_brand":[11666],"product_cat":[13931,13977,13986,13974,13930,13975,13973],"product_tag":[14009],"class_list":{"0":"post-362609","1":"product","2":"type-product","3":"status-publish","4":"has-post-thumbnail","6":"product_brand-gildan","7":"product_cat-rl-alta-visibilidad","8":"product_cat-h-camisetas-manga-corta","9":"product_cat-m-camisetas-manga-corta","10":"product_cat-ropa-hombre","11":"product_cat-laboral","12":"product_cat-ropa-mujer","13":"product_cat-ropa","14":"product_tag-top-ventas","15":"tm-no-options","17":"first","18":"instock","19":"taxable","20":"shipping-taxable","21":"product-type-variable"},"acf":[],"_links":{"self":[{"href":"https:\/\/grupotextil.es\/en\/wp-json\/wp\/v2\/product\/362609","targetHints":{"allow":["GET"]}}],"collection":[{"href":"https:\/\/grupotextil.es\/en\/wp-json\/wp\/v2\/product"}],"about":[{"href":"https:\/\/grupotextil.es\/en\/wp-json\/wp\/v2\/types\/product"}],"replies":[{"embeddable":true,"href":"https:\/\/grupotextil.es\/en\/wp-json\/wp\/v2\/comments?post=362609"}],"wp:featuredmedia":[{"embeddable":true,"href":"https:\/\/grupotextil.es\/en\/wp-json\/wp\/v2\/media\/411152"}],"wp:attachment":[{"href":"https:\/\/grupotextil.es\/en\/wp-json\/wp\/v2\/media?parent=362609"}],"wp:term":[{"taxonomy":"product_brand","embeddable":true,"href":"https:\/\/grupotextil.es\/en\/wp-json\/wp\/v2\/product_brand?post=362609"},{"taxonomy":"product_cat","embeddable":true,"href":"https:\/\/grupotextil.es\/en\/wp-json\/wp\/v2\/product_cat?post=362609"},{"taxonomy":"product_tag","embeddable":true,"href":"https:\/\/grupotextil.es\/en\/wp-json\/wp\/v2\/product_tag?post=362609"}],"curies":[{"name":"wp","href":"https:\/\/api.w.org\/{rel}","templated":true}]}}