{"id":363382,"date":"2026-03-08T02:05:04","date_gmt":"2026-03-08T01:05:04","guid":{"rendered":"https:\/\/grupotextil.es\/producto\/camiseta-triblend-men\/"},"modified":"2026-03-08T02:05:04","modified_gmt":"2026-03-08T01:05:04","slug":"camiseta-triblend-men","status":"publish","type":"product","link":"https:\/\/grupotextil.es\/en\/product\/camiseta-triblend-men\/","title":{"rendered":"T-Shirt TriblendMen"},"content":{"rendered":"<ul>\n<li>130 g\/m\u00b2<\/li>\n<li>50% poli\u00e9ster, 25% algod\u00f3n, 25% viscosa<\/li>\n<li>Tejido sedoso y suave Triblend. Single jersey<\/li>\n<li>Encintado de hombro a hombro<\/li>\n<li>Cuello del mismo tejido<\/li>\n<li>Costura doble en el bajo de manga y en el dobladillo<\/li>\n<li>Costuras laterales<\/li>\n<li>Sistema B&amp;C no label, perfecto para re-etiquetar<\/li>\n<li>Muy suave y tersa permite una impresi\u00f3n limpia y nitida<\/li>\n<li>Apropiada para la mayor\u00eda de las t\u00e9cnicas de impresi\u00f3n<\/li>\n<\/ul>","protected":false},"excerpt":{"rendered":"<p>130 g\/m\u00b250% poli\u00e9ster, 25% algod\u00f3n, 25% viscosaTejido sedoso y suave Triblend.<\/p>","protected":false},"featured_media":411250,"comment_status":"open","ping_status":"closed","template":"","meta":{"_acf_changed":false},"product_brand":[11653],"product_cat":[13931,13977,13986,13974,13930,13975,13973],"product_tag":[],"class_list":{"0":"post-363382","1":"product","2":"type-product","3":"status-publish","4":"has-post-thumbnail","6":"product_brand-b-c","7":"product_cat-rl-alta-visibilidad","8":"product_cat-h-camisetas-manga-corta","9":"product_cat-m-camisetas-manga-corta","10":"product_cat-ropa-hombre","11":"product_cat-laboral","12":"product_cat-ropa-mujer","13":"product_cat-ropa","14":"tm-no-options","16":"first","17":"instock","18":"taxable","19":"shipping-taxable","20":"product-type-variable"},"acf":[],"_links":{"self":[{"href":"https:\/\/grupotextil.es\/en\/wp-json\/wp\/v2\/product\/363382","targetHints":{"allow":["GET"]}}],"collection":[{"href":"https:\/\/grupotextil.es\/en\/wp-json\/wp\/v2\/product"}],"about":[{"href":"https:\/\/grupotextil.es\/en\/wp-json\/wp\/v2\/types\/product"}],"replies":[{"embeddable":true,"href":"https:\/\/grupotextil.es\/en\/wp-json\/wp\/v2\/comments?post=363382"}],"wp:featuredmedia":[{"embeddable":true,"href":"https:\/\/grupotextil.es\/en\/wp-json\/wp\/v2\/media\/411250"}],"wp:attachment":[{"href":"https:\/\/grupotextil.es\/en\/wp-json\/wp\/v2\/media?parent=363382"}],"wp:term":[{"taxonomy":"product_brand","embeddable":true,"href":"https:\/\/grupotextil.es\/en\/wp-json\/wp\/v2\/product_brand?post=363382"},{"taxonomy":"product_cat","embeddable":true,"href":"https:\/\/grupotextil.es\/en\/wp-json\/wp\/v2\/product_cat?post=363382"},{"taxonomy":"product_tag","embeddable":true,"href":"https:\/\/grupotextil.es\/en\/wp-json\/wp\/v2\/product_tag?post=363382"}],"curies":[{"name":"wp","href":"https:\/\/api.w.org\/{rel}","templated":true}]}}