{"id":363794,"date":"2026-03-08T02:05:44","date_gmt":"2026-03-08T01:05:44","guid":{"rendered":"https:\/\/grupotextil.es\/producto\/camiseta-heavy-cotton-mujer\/"},"modified":"2026-03-08T02:05:44","modified_gmt":"2026-03-08T01:05:44","slug":"camiseta-heavy-cotton-mujer","status":"publish","type":"product","link":"https:\/\/grupotextil.es\/en\/product\/camiseta-heavy-cotton-mujer\/","title":{"rendered":"Camiseta Heavy de algod\u00f3n mujer"},"content":{"rendered":"<ul>\n<li>180 g\/m\u00b2 (White: 170 g\/m\u00b2)<\/li>\n<li>100% algod\u00f3n preencogido<\/li>\n<li>Sport Grey: 90% algod\u00f3n, 10% poli\u00e9ster<\/li>\n<li>Dark Heather, Heather Sapphire, Lilac y Sunset: 50% algod\u00f3n, 50% poli\u00e9ster<\/li>\n<li>Sin pespuntes, cuello acanalado<\/li>\n<li>Encintado en cuello y hombros<\/li>\n<li>Mangas redondeadas<\/li>\n<li>Doble costura en pu\u00f1os y dobladillo inferior<\/li>\n<li>Costuras laterales<\/li>\n<li>Etiqueta extra\u00edble<\/li>\n<li>Semiajustado<\/li>\n<\/ul>","protected":false},"excerpt":{"rendered":"<p>180 g\/m\u00b2 (White: 170 g\/m\u00b2)100% algod\u00f3n preencogidoSport Grey: 90% algod\u00f3n, 10% poli\u00e9sterDark Heather, Heather Sapphire, Lilac y Sunset: 50% algod\u00f3n, 50% poli\u00e9sterSin pespuntes, cuello acanaladoEncinta<\/p>","protected":false},"featured_media":411304,"comment_status":"open","ping_status":"closed","template":"","meta":{"_acf_changed":false},"product_brand":[11666],"product_cat":[13977,13986,13990,13981,13974,13932,13930,13975,13935,13973],"product_tag":[],"class_list":{"0":"post-363794","1":"product","2":"type-product","3":"status-publish","4":"has-post-thumbnail","6":"product_brand-gildan","7":"product_cat-h-camisetas-manga-corta","8":"product_cat-m-camisetas-manga-corta","9":"product_cat-m-chaquetas-y-abrigos","10":"product_cat-h-chaquetas-y-abrigos","11":"product_cat-ropa-hombre","12":"product_cat-hosteleria-horeca","13":"product_cat-laboral","14":"product_cat-ropa-mujer","15":"product_cat-pantalones-cocina","16":"product_cat-ropa","17":"tm-no-options","19":"first","20":"instock","21":"taxable","22":"shipping-taxable","23":"product-type-variable"},"acf":[],"_links":{"self":[{"href":"https:\/\/grupotextil.es\/en\/wp-json\/wp\/v2\/product\/363794","targetHints":{"allow":["GET"]}}],"collection":[{"href":"https:\/\/grupotextil.es\/en\/wp-json\/wp\/v2\/product"}],"about":[{"href":"https:\/\/grupotextil.es\/en\/wp-json\/wp\/v2\/types\/product"}],"replies":[{"embeddable":true,"href":"https:\/\/grupotextil.es\/en\/wp-json\/wp\/v2\/comments?post=363794"}],"wp:featuredmedia":[{"embeddable":true,"href":"https:\/\/grupotextil.es\/en\/wp-json\/wp\/v2\/media\/411304"}],"wp:attachment":[{"href":"https:\/\/grupotextil.es\/en\/wp-json\/wp\/v2\/media?parent=363794"}],"wp:term":[{"taxonomy":"product_brand","embeddable":true,"href":"https:\/\/grupotextil.es\/en\/wp-json\/wp\/v2\/product_brand?post=363794"},{"taxonomy":"product_cat","embeddable":true,"href":"https:\/\/grupotextil.es\/en\/wp-json\/wp\/v2\/product_cat?post=363794"},{"taxonomy":"product_tag","embeddable":true,"href":"https:\/\/grupotextil.es\/en\/wp-json\/wp\/v2\/product_tag?post=363794"}],"curies":[{"name":"wp","href":"https:\/\/api.w.org\/{rel}","templated":true}]}}