{"id":364213,"date":"2026-03-08T02:07:01","date_gmt":"2026-03-08T01:07:01","guid":{"rendered":"https:\/\/grupotextil.es\/producto\/nublend-sweatshirt\/"},"modified":"2026-03-08T02:07:01","modified_gmt":"2026-03-08T01:07:01","slug":"nublend-sweatshirt","status":"publish","type":"product","link":"https:\/\/grupotextil.es\/en\/product\/nublend-sweatshirt\/","title":{"rendered":"NuBlend Sweatshirt"},"content":{"rendered":"<ul>\n<li>271 g\/m\u00b2<\/li>\n<li>50% Algod\u00f3n, 50% Poli\u00e9ster (NuBlend\u00ae preencogido)<\/li>\n<li>Confeccionado con algod\u00f3n cultivado en EE. UU. de origen sostenible<\/li>\n<li>Alta densidad de puntada para un lienzo de impresi\u00f3n suave<\/li>\n<li>Costuras de cobertura con dos agujas en cuello, sisas y cinturilla.<\/li>\n<li>Pu\u00f1os y cintura de canal\u00e9 1&#215;1 con elastano para elasticidad y recuperaci\u00f3n.<\/li>\n<\/ul>","protected":false},"excerpt":{"rendered":"<p>271 g\/m\u00b250% Algod\u00f3n, 50% Poli\u00e9ster (NuBlend\u00ae preencogido)Confeccionado con algod\u00f3n cultivado en EE. UU.<\/p>","protected":false},"featured_media":411366,"comment_status":"open","ping_status":"closed","template":"","meta":{"_acf_changed":false},"product_brand":[11674],"product_cat":[13974,13975,13973,13989,13980],"product_tag":[],"class_list":{"0":"post-364213","1":"product","2":"type-product","3":"status-publish","4":"has-post-thumbnail","6":"product_brand-jerzees","7":"product_cat-ropa-hombre","8":"product_cat-ropa-mujer","9":"product_cat-ropa","10":"product_cat-m-sudaderas","11":"product_cat-h-sudaderas","12":"tm-no-options","14":"first","15":"instock","16":"taxable","17":"shipping-taxable","18":"product-type-variable"},"acf":[],"_links":{"self":[{"href":"https:\/\/grupotextil.es\/en\/wp-json\/wp\/v2\/product\/364213","targetHints":{"allow":["GET"]}}],"collection":[{"href":"https:\/\/grupotextil.es\/en\/wp-json\/wp\/v2\/product"}],"about":[{"href":"https:\/\/grupotextil.es\/en\/wp-json\/wp\/v2\/types\/product"}],"replies":[{"embeddable":true,"href":"https:\/\/grupotextil.es\/en\/wp-json\/wp\/v2\/comments?post=364213"}],"wp:featuredmedia":[{"embeddable":true,"href":"https:\/\/grupotextil.es\/en\/wp-json\/wp\/v2\/media\/411366"}],"wp:attachment":[{"href":"https:\/\/grupotextil.es\/en\/wp-json\/wp\/v2\/media?parent=364213"}],"wp:term":[{"taxonomy":"product_brand","embeddable":true,"href":"https:\/\/grupotextil.es\/en\/wp-json\/wp\/v2\/product_brand?post=364213"},{"taxonomy":"product_cat","embeddable":true,"href":"https:\/\/grupotextil.es\/en\/wp-json\/wp\/v2\/product_cat?post=364213"},{"taxonomy":"product_tag","embeddable":true,"href":"https:\/\/grupotextil.es\/en\/wp-json\/wp\/v2\/product_tag?post=364213"}],"curies":[{"name":"wp","href":"https:\/\/api.w.org\/{rel}","templated":true}]}}