{"id":364509,"date":"2026-03-08T02:08:26","date_gmt":"2026-03-08T01:08:26","guid":{"rendered":"https:\/\/grupotextil.es\/producto\/sweat-college-jacket\/"},"modified":"2026-03-08T02:08:26","modified_gmt":"2026-03-08T01:08:26","slug":"sweat-college-jacket","status":"publish","type":"product","link":"https:\/\/grupotextil.es\/en\/product\/sweat-college-jacket\/","title":{"rendered":"Sweat College Jacket"},"content":{"rendered":"<ul>\n<li>300 g\/m\u00b2<\/li>\n<li>65 % algod\u00f3n, 35 % poli\u00e9ster, forro polar cepillado<\/li>\n<li>Pu\u00f1os de canal\u00e9 a rayas en el cuello, el dobladillo y las aberturas de las mangas.<\/li>\n<li>Media luna en el cuello, cinta en el cuello.<\/li>\n<li>Botones met\u00e1licos en color de contraste.<\/li>\n<li>Etiqueta de talla neutra sin marca, posible estampado en el cuello<\/li>\n<li>Fabricado en una f\u00e1brica certificada por FAMA.<\/li>\n<\/ul>","protected":false},"excerpt":{"rendered":"<p>300 g\/m\u00b265 % algod\u00f3n, 35 % poli\u00e9ster, forro polar cepilladoPu\u00f1os de canal\u00e9 a rayas en el cuello, el dobladillo y las aberturas de las mangas.<\/p>","protected":false},"featured_media":411407,"comment_status":"open","ping_status":"closed","template":"","meta":{"_acf_changed":false},"product_brand":[11675],"product_cat":[13974,13975,13973,13980,13989],"product_tag":[],"class_list":{"0":"post-364509","1":"product","2":"type-product","3":"status-publish","4":"has-post-thumbnail","6":"product_brand-build-your-brand","7":"product_cat-ropa-hombre","8":"product_cat-ropa-mujer","9":"product_cat-ropa","10":"product_cat-h-sudaderas","11":"product_cat-m-sudaderas","12":"tm-no-options","14":"first","15":"instock","16":"taxable","17":"shipping-taxable","18":"product-type-variable"},"acf":[],"_links":{"self":[{"href":"https:\/\/grupotextil.es\/en\/wp-json\/wp\/v2\/product\/364509","targetHints":{"allow":["GET"]}}],"collection":[{"href":"https:\/\/grupotextil.es\/en\/wp-json\/wp\/v2\/product"}],"about":[{"href":"https:\/\/grupotextil.es\/en\/wp-json\/wp\/v2\/types\/product"}],"replies":[{"embeddable":true,"href":"https:\/\/grupotextil.es\/en\/wp-json\/wp\/v2\/comments?post=364509"}],"wp:featuredmedia":[{"embeddable":true,"href":"https:\/\/grupotextil.es\/en\/wp-json\/wp\/v2\/media\/411407"}],"wp:attachment":[{"href":"https:\/\/grupotextil.es\/en\/wp-json\/wp\/v2\/media?parent=364509"}],"wp:term":[{"taxonomy":"product_brand","embeddable":true,"href":"https:\/\/grupotextil.es\/en\/wp-json\/wp\/v2\/product_brand?post=364509"},{"taxonomy":"product_cat","embeddable":true,"href":"https:\/\/grupotextil.es\/en\/wp-json\/wp\/v2\/product_cat?post=364509"},{"taxonomy":"product_tag","embeddable":true,"href":"https:\/\/grupotextil.es\/en\/wp-json\/wp\/v2\/product_tag?post=364509"}],"curies":[{"name":"wp","href":"https:\/\/api.w.org\/{rel}","templated":true}]}}