{"id":364583,"date":"2026-03-08T02:08:54","date_gmt":"2026-03-08T01:08:54","guid":{"rendered":"https:\/\/grupotextil.es\/producto\/sudadera-corta-mujer-fleece\/"},"modified":"2026-03-08T02:08:54","modified_gmt":"2026-03-08T01:08:54","slug":"sudadera-corta-mujer-fleece","status":"publish","type":"product","link":"https:\/\/grupotextil.es\/en\/product\/sudadera-corta-mujer-fleece\/","title":{"rendered":"Sudadera corta mujer Forro Polar"},"content":{"rendered":"<ul>\n<li>220 g\/m\u00b2<\/li>\n<li>52% algod\u00f3n peinado ringspun, 48% poli\u00e9ster (vell\u00f3n)<\/li>\n<li>Pre-encogido<\/li>\n<li>Capucha con cord\u00f3n ajustable a juego<\/li>\n<li>Hombros amplios<\/li>\n<li>Pu\u00f1os en canal\u00e9<\/li>\n<li>Costuras laterales<\/li>\n<li>Corta<\/li>\n<li>Dobladillo descosido<\/li>\n<li>Etiqueta extra\u00edble.<\/li>\n<\/ul>","protected":false},"excerpt":{"rendered":"<p>220 g\/m\u00b252% algod\u00f3n peinado ringspun, 48% poli\u00e9ster (vell\u00f3n)Pre-encogidoCapucha con cord\u00f3n ajustable a juegoHombros ampliosPu\u00f1os en canal\u00e9Costuras lateralesCortaDobladillo descosidoEtiqueta extra\u00edble.<\/p>","protected":false},"featured_media":411440,"comment_status":"open","ping_status":"closed","template":"","meta":{"_acf_changed":false},"product_brand":[11667],"product_cat":[13974,13975,13973,13980,13989],"product_tag":[],"class_list":{"0":"post-364583","1":"product","2":"type-product","3":"status-publish","4":"has-post-thumbnail","6":"product_brand-bella","7":"product_cat-ropa-hombre","8":"product_cat-ropa-mujer","9":"product_cat-ropa","10":"product_cat-h-sudaderas","11":"product_cat-m-sudaderas","12":"tm-no-options","14":"first","15":"instock","16":"taxable","17":"shipping-taxable","18":"product-type-variable"},"acf":[],"_links":{"self":[{"href":"https:\/\/grupotextil.es\/en\/wp-json\/wp\/v2\/product\/364583","targetHints":{"allow":["GET"]}}],"collection":[{"href":"https:\/\/grupotextil.es\/en\/wp-json\/wp\/v2\/product"}],"about":[{"href":"https:\/\/grupotextil.es\/en\/wp-json\/wp\/v2\/types\/product"}],"replies":[{"embeddable":true,"href":"https:\/\/grupotextil.es\/en\/wp-json\/wp\/v2\/comments?post=364583"}],"wp:featuredmedia":[{"embeddable":true,"href":"https:\/\/grupotextil.es\/en\/wp-json\/wp\/v2\/media\/411440"}],"wp:attachment":[{"href":"https:\/\/grupotextil.es\/en\/wp-json\/wp\/v2\/media?parent=364583"}],"wp:term":[{"taxonomy":"product_brand","embeddable":true,"href":"https:\/\/grupotextil.es\/en\/wp-json\/wp\/v2\/product_brand?post=364583"},{"taxonomy":"product_cat","embeddable":true,"href":"https:\/\/grupotextil.es\/en\/wp-json\/wp\/v2\/product_cat?post=364583"},{"taxonomy":"product_tag","embeddable":true,"href":"https:\/\/grupotextil.es\/en\/wp-json\/wp\/v2\/product_tag?post=364583"}],"curies":[{"name":"wp","href":"https:\/\/api.w.org\/{rel}","templated":true}]}}