{"id":364776,"date":"2026-03-08T02:09:58","date_gmt":"2026-03-08T01:09:58","guid":{"rendered":"https:\/\/grupotextil.es\/producto\/sudadera-con-capucha-superwash-60-regular-fit\/"},"modified":"2026-03-08T02:09:58","modified_gmt":"2026-03-08T01:09:58","slug":"sudadera-con-capucha-superwash-60-regular-fit","status":"publish","type":"product","link":"https:\/\/grupotextil.es\/en\/product\/sudadera-con-capucha-superwash-60-regular-fit\/","title":{"rendered":"Sudadera con capucha Superwash\u00ae 60\u00b0 Regular Fit"},"content":{"rendered":"<ul>\n<li>280 g\/m\u00b2<\/li>\n<li>65% poli\u00e9ster, 35% algod\u00f3n<\/li>\n<li>Capucha forrada con el mismo tejido con cord\u00f3n plano y ojales de metal<\/li>\n<li>Cremallera entera<\/li>\n<li>Cuello y hombros encintados del mismo color<\/li>\n<li>Hombro con puntadas de doble aguja<\/li>\n<li>Doble capa del mismo tejido en pu\u00f1os y bajo<\/li>\n<li>Costura plana en sisa y bolsillo<\/li>\n<li>Doble bolsillo frontal<\/li>\n<li>Etiqueta extra\u00edble<\/li>\n<li>Lavado a 60 \u00b0 C.<\/li>\n<\/ul>","protected":false},"excerpt":{"rendered":"<p>280 g\/m\u00b265% poli\u00e9ster, 35% algod\u00f3nCapucha forrada con el mismo tejido con cord\u00f3n plano y ojales de metalCremallera enteraCuello y hombros encintados del mismo colorHombro con puntadas de doble aguj&#8230;<\/p>","protected":false},"featured_media":411533,"comment_status":"open","ping_status":"closed","template":"","meta":{"_acf_changed":false},"product_brand":[11672],"product_cat":[13974,13975,13973,13980,13989],"product_tag":[14009],"class_list":{"0":"post-364776","1":"product","2":"type-product","3":"status-publish","4":"has-post-thumbnail","6":"product_brand-kustom-kit","7":"product_cat-ropa-hombre","8":"product_cat-ropa-mujer","9":"product_cat-ropa","10":"product_cat-h-sudaderas","11":"product_cat-m-sudaderas","12":"product_tag-top-ventas","13":"tm-no-options","15":"first","16":"instock","17":"taxable","18":"shipping-taxable","19":"product-type-variable"},"acf":[],"_links":{"self":[{"href":"https:\/\/grupotextil.es\/en\/wp-json\/wp\/v2\/product\/364776","targetHints":{"allow":["GET"]}}],"collection":[{"href":"https:\/\/grupotextil.es\/en\/wp-json\/wp\/v2\/product"}],"about":[{"href":"https:\/\/grupotextil.es\/en\/wp-json\/wp\/v2\/types\/product"}],"replies":[{"embeddable":true,"href":"https:\/\/grupotextil.es\/en\/wp-json\/wp\/v2\/comments?post=364776"}],"wp:featuredmedia":[{"embeddable":true,"href":"https:\/\/grupotextil.es\/en\/wp-json\/wp\/v2\/media\/411533"}],"wp:attachment":[{"href":"https:\/\/grupotextil.es\/en\/wp-json\/wp\/v2\/media?parent=364776"}],"wp:term":[{"taxonomy":"product_brand","embeddable":true,"href":"https:\/\/grupotextil.es\/en\/wp-json\/wp\/v2\/product_brand?post=364776"},{"taxonomy":"product_cat","embeddable":true,"href":"https:\/\/grupotextil.es\/en\/wp-json\/wp\/v2\/product_cat?post=364776"},{"taxonomy":"product_tag","embeddable":true,"href":"https:\/\/grupotextil.es\/en\/wp-json\/wp\/v2\/product_tag?post=364776"}],"curies":[{"name":"wp","href":"https:\/\/api.w.org\/{rel}","templated":true}]}}