{"id":364807,"date":"2026-03-08T02:10:08","date_gmt":"2026-03-08T01:10:08","guid":{"rendered":"https:\/\/grupotextil.es\/producto\/ultra-heavy-cotton-box-hoody\/"},"modified":"2026-03-08T02:10:08","modified_gmt":"2026-03-08T01:10:08","slug":"ultra-heavy-cotton-box-hoody","status":"publish","type":"product","link":"https:\/\/grupotextil.es\/en\/product\/ultra-heavy-cotton-box-hoody\/","title":{"rendered":"Ultra Heavy Cotton Box Hoody"},"content":{"rendered":"<ul>\n<li>460 g\/m\u00b2<\/li>\n<li>100% algod\u00f3n<\/li>\n<li>Capucha grande<\/li>\n<li>Bolsillo de canguro<\/li>\n<li>Pu\u00f1os anchos de canal\u00e9 en mangas y dobladillo.<\/li>\n<li>Corte oversize y mangas extralargas.<\/li>\n<li>Decoraci\u00f3n ya sea con estampado flocado o serigraf\u00eda o con bordado.<\/li>\n<\/ul>","protected":false},"excerpt":{"rendered":"<p>460 g\/m\u00b2100% algod\u00f3nCapucha grandeBolsillo de canguroPu\u00f1os anchos de canal\u00e9 en mangas y dobladillo.<\/p>","protected":false},"featured_media":411551,"comment_status":"open","ping_status":"closed","template":"","meta":{"_acf_changed":false},"product_brand":[11675],"product_cat":[13974,13975,13973,13989,13980],"product_tag":[],"class_list":{"0":"post-364807","1":"product","2":"type-product","3":"status-publish","4":"has-post-thumbnail","6":"product_brand-build-your-brand","7":"product_cat-ropa-hombre","8":"product_cat-ropa-mujer","9":"product_cat-ropa","10":"product_cat-m-sudaderas","11":"product_cat-h-sudaderas","12":"tm-no-options","14":"first","15":"instock","16":"taxable","17":"shipping-taxable","18":"product-type-variable"},"acf":[],"_links":{"self":[{"href":"https:\/\/grupotextil.es\/en\/wp-json\/wp\/v2\/product\/364807","targetHints":{"allow":["GET"]}}],"collection":[{"href":"https:\/\/grupotextil.es\/en\/wp-json\/wp\/v2\/product"}],"about":[{"href":"https:\/\/grupotextil.es\/en\/wp-json\/wp\/v2\/types\/product"}],"replies":[{"embeddable":true,"href":"https:\/\/grupotextil.es\/en\/wp-json\/wp\/v2\/comments?post=364807"}],"wp:featuredmedia":[{"embeddable":true,"href":"https:\/\/grupotextil.es\/en\/wp-json\/wp\/v2\/media\/411551"}],"wp:attachment":[{"href":"https:\/\/grupotextil.es\/en\/wp-json\/wp\/v2\/media?parent=364807"}],"wp:term":[{"taxonomy":"product_brand","embeddable":true,"href":"https:\/\/grupotextil.es\/en\/wp-json\/wp\/v2\/product_brand?post=364807"},{"taxonomy":"product_cat","embeddable":true,"href":"https:\/\/grupotextil.es\/en\/wp-json\/wp\/v2\/product_cat?post=364807"},{"taxonomy":"product_tag","embeddable":true,"href":"https:\/\/grupotextil.es\/en\/wp-json\/wp\/v2\/product_tag?post=364807"}],"curies":[{"name":"wp","href":"https:\/\/api.w.org\/{rel}","templated":true}]}}