{"id":365028,"date":"2026-03-08T02:11:51","date_gmt":"2026-03-08T01:11:51","guid":{"rendered":"https:\/\/grupotextil.es\/producto\/ultra-heavy-zip-hoody\/"},"modified":"2026-03-08T02:11:51","modified_gmt":"2026-03-08T01:11:51","slug":"ultra-heavy-zip-hoody","status":"publish","type":"product","link":"https:\/\/grupotextil.es\/en\/product\/ultra-heavy-zip-hoody\/","title":{"rendered":"Ultra Heavy Zip Hoody"},"content":{"rendered":"<ul>\n<li>460 g\/m\u00b2<\/li>\n<li>100% algod\u00f3n<\/li>\n<li>Capucha cl\u00e1sica<\/li>\n<li>Cremallera completa met\u00e1lica<\/li>\n<li>Bolsillo canguro dividido<\/li>\n<li>Pu\u00f1os y dobladillo anchos de canal\u00e9<\/li>\n<li>Ajuste urbano c\u00f3modo<\/li>\n<li>Decoraci\u00f3n mediante serigraf\u00eda, flocado o bordado.<\/li>\n<\/ul>","protected":false},"excerpt":{"rendered":"<p>460 g\/m\u00b2100% algod\u00f3nCapucha cl\u00e1sicaCremallera completa met\u00e1licaBolsillo canguro divididoPu\u00f1os y dobladillo anchos de canal\u00e9Ajuste urbano c\u00f3modoDecoraci\u00f3n mediante serigraf\u00eda, flocado o bordado.<\/p>","protected":false},"featured_media":411603,"comment_status":"open","ping_status":"closed","template":"","meta":{"_acf_changed":false},"product_brand":[11675],"product_cat":[13974,13975,13973,13980,13989],"product_tag":[],"class_list":{"0":"post-365028","1":"product","2":"type-product","3":"status-publish","4":"has-post-thumbnail","6":"product_brand-build-your-brand","7":"product_cat-ropa-hombre","8":"product_cat-ropa-mujer","9":"product_cat-ropa","10":"product_cat-h-sudaderas","11":"product_cat-m-sudaderas","12":"tm-no-options","14":"first","15":"instock","16":"taxable","17":"shipping-taxable","18":"product-type-variable"},"acf":[],"_links":{"self":[{"href":"https:\/\/grupotextil.es\/en\/wp-json\/wp\/v2\/product\/365028","targetHints":{"allow":["GET"]}}],"collection":[{"href":"https:\/\/grupotextil.es\/en\/wp-json\/wp\/v2\/product"}],"about":[{"href":"https:\/\/grupotextil.es\/en\/wp-json\/wp\/v2\/types\/product"}],"replies":[{"embeddable":true,"href":"https:\/\/grupotextil.es\/en\/wp-json\/wp\/v2\/comments?post=365028"}],"wp:featuredmedia":[{"embeddable":true,"href":"https:\/\/grupotextil.es\/en\/wp-json\/wp\/v2\/media\/411603"}],"wp:attachment":[{"href":"https:\/\/grupotextil.es\/en\/wp-json\/wp\/v2\/media?parent=365028"}],"wp:term":[{"taxonomy":"product_brand","embeddable":true,"href":"https:\/\/grupotextil.es\/en\/wp-json\/wp\/v2\/product_brand?post=365028"},{"taxonomy":"product_cat","embeddable":true,"href":"https:\/\/grupotextil.es\/en\/wp-json\/wp\/v2\/product_cat?post=365028"},{"taxonomy":"product_tag","embeddable":true,"href":"https:\/\/grupotextil.es\/en\/wp-json\/wp\/v2\/product_tag?post=365028"}],"curies":[{"name":"wp","href":"https:\/\/api.w.org\/{rel}","templated":true}]}}