{"id":365050,"date":"2026-03-08T02:11:52","date_gmt":"2026-03-08T01:11:52","guid":{"rendered":"https:\/\/grupotextil.es\/producto\/sudadera-con-capucha-reciclada-unisex\/"},"modified":"2026-03-08T02:11:52","modified_gmt":"2026-03-08T01:11:52","slug":"sudadera-con-capucha-reciclada-unisex","status":"publish","type":"product","link":"https:\/\/grupotextil.es\/en\/product\/sudadera-con-capucha-reciclada-unisex\/","title":{"rendered":"Sudadera con capucha reciclado unisex"},"content":{"rendered":"<ul>\n<li>280 g\/m\u00b2<\/li>\n<li>80% algod\u00f3n hilado en anillo, 20% poli\u00e9ster reciclado<\/li>\n<li>Heather grey: 70% algod\u00f3n, 30% poli\u00e9ster reciclado<\/li>\n<li>Tejido funcional ecol\u00f3gico<\/li>\n<li>Hecha de botellas de pl\u00e1stico recicladas (6 por sudadera con capucha)<\/li>\n<li>Interior perchado<\/li>\n<li>Capucha de doble capa con ojales de metal (sin n\u00edquel) y cordones del mismo color<\/li>\n<li>Cuello encintado<\/li>\n<li>Pu\u00f1os y cintura anchos<\/li>\n<li>Bolsillos laterales<\/li>\n<li>Etiqueta extra\u00edble en la costura lateral<\/li>\n<li>Pantalones de ch\u00e1ndal a juego ST5650 (207.05)<\/li>\n<\/ul>","protected":false},"excerpt":{"rendered":"<p>280 g\/m\u00b280% algod\u00f3n hilado en anillo, 20% poli\u00e9ster recicladoHeather grey: 70% algod\u00f3n, 30% poli\u00e9ster recicladoTejido funcional ecol\u00f3gicoHecha de botellas de pl\u00e1stico recicladas (6 por sudadera con&#8230;<\/p>","protected":false},"featured_media":411605,"comment_status":"open","ping_status":"closed","template":"","meta":{"_acf_changed":false},"product_brand":[11658],"product_cat":[13974,13975,13973,13980,13989],"product_tag":[],"class_list":{"0":"post-365050","1":"product","2":"type-product","3":"status-publish","4":"has-post-thumbnail","6":"product_brand-stedman","7":"product_cat-ropa-hombre","8":"product_cat-ropa-mujer","9":"product_cat-ropa","10":"product_cat-h-sudaderas","11":"product_cat-m-sudaderas","12":"tm-no-options","14":"first","15":"instock","16":"taxable","17":"shipping-taxable","18":"product-type-variable"},"acf":[],"_links":{"self":[{"href":"https:\/\/grupotextil.es\/en\/wp-json\/wp\/v2\/product\/365050","targetHints":{"allow":["GET"]}}],"collection":[{"href":"https:\/\/grupotextil.es\/en\/wp-json\/wp\/v2\/product"}],"about":[{"href":"https:\/\/grupotextil.es\/en\/wp-json\/wp\/v2\/types\/product"}],"replies":[{"embeddable":true,"href":"https:\/\/grupotextil.es\/en\/wp-json\/wp\/v2\/comments?post=365050"}],"wp:featuredmedia":[{"embeddable":true,"href":"https:\/\/grupotextil.es\/en\/wp-json\/wp\/v2\/media\/411605"}],"wp:attachment":[{"href":"https:\/\/grupotextil.es\/en\/wp-json\/wp\/v2\/media?parent=365050"}],"wp:term":[{"taxonomy":"product_brand","embeddable":true,"href":"https:\/\/grupotextil.es\/en\/wp-json\/wp\/v2\/product_brand?post=365050"},{"taxonomy":"product_cat","embeddable":true,"href":"https:\/\/grupotextil.es\/en\/wp-json\/wp\/v2\/product_cat?post=365050"},{"taxonomy":"product_tag","embeddable":true,"href":"https:\/\/grupotextil.es\/en\/wp-json\/wp\/v2\/product_tag?post=365050"}],"curies":[{"name":"wp","href":"https:\/\/api.w.org\/{rel}","templated":true}]}}