{"id":365348,"date":"2026-03-08T02:14:54","date_gmt":"2026-03-08T01:14:54","guid":{"rendered":"https:\/\/grupotextil.es\/producto\/polar-1-4-cremallera-midweight-softsyle-de-adulto\/"},"modified":"2026-03-08T02:14:54","modified_gmt":"2026-03-08T01:14:54","slug":"polar-1-4-cremallera-midweight-softsyle-de-adulto","status":"publish","type":"product","link":"https:\/\/grupotextil.es\/en\/product\/polar-1-4-cremallera-midweight-softsyle-de-adulto\/","title":{"rendered":"Polar 1\/4 Zip Midweight Softsyle de adulto"},"content":{"rendered":"<ul>\n<li>285 g\/m\u00b2<\/li>\n<li>80 % algod\u00f3n (hilado en anillos), 20 % poli\u00e9ster<\/li>\n<li>Canal\u00e9 1&#215;1 con elastano, cuello universitario, pu\u00f1os y banda inferior para mayor elasticidad y recuperaci\u00f3n.<\/li>\n<li>Cremallera con cierre de color a juego con espiral invertida<\/li>\n<li>Ajuste cl\u00e1sico<\/li>\n<li>Cuerpo tubular<\/li>\n<\/ul>","protected":false},"excerpt":{"rendered":"<p>285 g\/m\u00b280 % algod\u00f3n (hilado en anillos), 20 % poli\u00e9sterCanal\u00e9 1&#215;1 con elastano, cuello universitario, pu\u00f1os y banda inferior para mayor elasticidad y recuperaci\u00f3n.<\/p>","protected":false},"featured_media":411691,"comment_status":"open","ping_status":"closed","template":"","meta":{"_acf_changed":false},"product_brand":[11666],"product_cat":[13974,13975,13973,13980,13989],"product_tag":[],"class_list":{"0":"post-365348","1":"product","2":"type-product","3":"status-publish","4":"has-post-thumbnail","6":"product_brand-gildan","7":"product_cat-ropa-hombre","8":"product_cat-ropa-mujer","9":"product_cat-ropa","10":"product_cat-h-sudaderas","11":"product_cat-m-sudaderas","12":"tm-no-options","14":"first","15":"instock","16":"taxable","17":"shipping-taxable","18":"product-type-variable"},"acf":[],"_links":{"self":[{"href":"https:\/\/grupotextil.es\/en\/wp-json\/wp\/v2\/product\/365348","targetHints":{"allow":["GET"]}}],"collection":[{"href":"https:\/\/grupotextil.es\/en\/wp-json\/wp\/v2\/product"}],"about":[{"href":"https:\/\/grupotextil.es\/en\/wp-json\/wp\/v2\/types\/product"}],"replies":[{"embeddable":true,"href":"https:\/\/grupotextil.es\/en\/wp-json\/wp\/v2\/comments?post=365348"}],"wp:featuredmedia":[{"embeddable":true,"href":"https:\/\/grupotextil.es\/en\/wp-json\/wp\/v2\/media\/411691"}],"wp:attachment":[{"href":"https:\/\/grupotextil.es\/en\/wp-json\/wp\/v2\/media?parent=365348"}],"wp:term":[{"taxonomy":"product_brand","embeddable":true,"href":"https:\/\/grupotextil.es\/en\/wp-json\/wp\/v2\/product_brand?post=365348"},{"taxonomy":"product_cat","embeddable":true,"href":"https:\/\/grupotextil.es\/en\/wp-json\/wp\/v2\/product_cat?post=365348"},{"taxonomy":"product_tag","embeddable":true,"href":"https:\/\/grupotextil.es\/en\/wp-json\/wp\/v2\/product_tag?post=365348"}],"curies":[{"name":"wp","href":"https:\/\/api.w.org\/{rel}","templated":true}]}}