{"id":365588,"date":"2026-03-08T02:16:49","date_gmt":"2026-03-08T01:16:49","guid":{"rendered":"https:\/\/grupotextil.es\/producto\/sudadera-hombre-con-cremallera-hd\/"},"modified":"2026-03-08T02:16:49","modified_gmt":"2026-03-08T01:16:49","slug":"sudadera-hombre-con-cremallera-hd","status":"publish","type":"product","link":"https:\/\/grupotextil.es\/en\/product\/sudadera-hombre-con-cremallera-hd\/","title":{"rendered":"Sudadera hombre con cremallera HD"},"content":{"rendered":"<ul>\n<li>255 g\/m\u00b2 (Blanco: 250 g\/m\u00b2)<\/li>\n<li>65% poli\u00e9ster, 35% algod\u00f3n ringspuny peinado<\/li>\n<li>Interior French terry (felpa de rizo)<\/li>\n<li>Capucha forrada y cord\u00f3n del mismo color con punta de metal<\/li>\n<li>Cinta en cuello contrastada<\/li>\n<li>Etiqueta adhesiva y extra\u00edble<\/li>\n<li>Cremallera completa<\/li>\n<li>Bolsillo oculto para el tel\u00e9fono<\/li>\n<li>Bolsillos tipo canguro<\/li>\n<li>Costura en dobladillo y en los pu\u00f1os<\/li>\n<li>Ajustada<\/li>\n<li>Apropiado para sublimaci\u00f3n, serigraf\u00eda, transfer y bordado.<\/li>\n<\/ul>","protected":false},"excerpt":{"rendered":"<p>255 g\/m\u00b2 (Blanco: 250 g\/m\u00b2)65% poli\u00e9ster, 35% algod\u00f3n ringspuny peinadoInterior French terry (felpa de rizo)Capucha forrada y cord\u00f3n del mismo color con punta de metalCinta en cuello contrastadaEti&#8230;<\/p>","protected":false},"featured_media":411762,"comment_status":"open","ping_status":"closed","template":"","meta":{"_acf_changed":false},"product_brand":[11670],"product_cat":[13974,13975,13973,13980,13989],"product_tag":[],"class_list":{"0":"post-365588","1":"product","2":"type-product","3":"status-publish","4":"has-post-thumbnail","6":"product_brand-russell-europe","7":"product_cat-ropa-hombre","8":"product_cat-ropa-mujer","9":"product_cat-ropa","10":"product_cat-h-sudaderas","11":"product_cat-m-sudaderas","12":"tm-no-options","14":"first","15":"instock","16":"taxable","17":"shipping-taxable","18":"product-type-variable"},"acf":[],"_links":{"self":[{"href":"https:\/\/grupotextil.es\/en\/wp-json\/wp\/v2\/product\/365588","targetHints":{"allow":["GET"]}}],"collection":[{"href":"https:\/\/grupotextil.es\/en\/wp-json\/wp\/v2\/product"}],"about":[{"href":"https:\/\/grupotextil.es\/en\/wp-json\/wp\/v2\/types\/product"}],"replies":[{"embeddable":true,"href":"https:\/\/grupotextil.es\/en\/wp-json\/wp\/v2\/comments?post=365588"}],"wp:featuredmedia":[{"embeddable":true,"href":"https:\/\/grupotextil.es\/en\/wp-json\/wp\/v2\/media\/411762"}],"wp:attachment":[{"href":"https:\/\/grupotextil.es\/en\/wp-json\/wp\/v2\/media?parent=365588"}],"wp:term":[{"taxonomy":"product_brand","embeddable":true,"href":"https:\/\/grupotextil.es\/en\/wp-json\/wp\/v2\/product_brand?post=365588"},{"taxonomy":"product_cat","embeddable":true,"href":"https:\/\/grupotextil.es\/en\/wp-json\/wp\/v2\/product_cat?post=365588"},{"taxonomy":"product_tag","embeddable":true,"href":"https:\/\/grupotextil.es\/en\/wp-json\/wp\/v2\/product_tag?post=365588"}],"curies":[{"name":"wp","href":"https:\/\/api.w.org\/{rel}","templated":true}]}}