{"id":365613,"date":"2026-03-08T02:16:50","date_gmt":"2026-03-08T01:16:50","guid":{"rendered":"https:\/\/grupotextil.es\/producto\/sudadera-vintage-set-in-con-logo-grande-impreso\/"},"modified":"2026-03-08T02:16:50","modified_gmt":"2026-03-08T01:16:50","slug":"sudadera-vintage-set-in-con-logo-grande-impreso","status":"publish","type":"product","link":"https:\/\/grupotextil.es\/en\/product\/sudadera-vintage-set-in-con-logo-grande-impreso\/","title":{"rendered":"Sweatshirt Vintage Set In con logo grande impreso"},"content":{"rendered":"<ul>\n<li>280 g\/m\u00b2 (color Blanco: 260 g\/m\u00b2)<\/li>\n<li>80% algod\u00f3n y 20% poli\u00e9ster<\/li>\n<li>Logotipo grande de Fruit of the Loom en la parte frontal<\/li>\n<li>Cuello de canal\u00e9 sin costuras<\/li>\n<li>Cuello encintado de hombro a hombro<\/li>\n<li>Ribete el\u00e1stico en pu\u00f1os y dobladillo inferior<\/li>\n<li>Sisas y cuello cosidos a doble aguja<\/li>\n<li>Tejido tubular<\/li>\n<\/ul>","protected":false},"excerpt":{"rendered":"<p>280 g\/m\u00b2 (color Blanco: 260 g\/m\u00b2)80% algod\u00f3n y 20% poli\u00e9sterLogotipo grande de Fruit of the Loom en la parte frontalCuello de canal\u00e9 sin costurasCuello encintado de hombro a hombroRibete el\u00e1stico en p<\/p>","protected":false},"featured_media":411778,"comment_status":"open","ping_status":"closed","template":"","meta":{"_acf_changed":false},"product_brand":[11665],"product_cat":[13974,13975,13973,13980,13989],"product_tag":[],"class_list":{"0":"post-365613","1":"product","2":"type-product","3":"status-publish","4":"has-post-thumbnail","6":"product_brand-fruit-of-the-loom","7":"product_cat-ropa-hombre","8":"product_cat-ropa-mujer","9":"product_cat-ropa","10":"product_cat-h-sudaderas","11":"product_cat-m-sudaderas","12":"tm-no-options","14":"first","15":"instock","16":"taxable","17":"shipping-taxable","18":"product-type-variable"},"acf":[],"_links":{"self":[{"href":"https:\/\/grupotextil.es\/en\/wp-json\/wp\/v2\/product\/365613","targetHints":{"allow":["GET"]}}],"collection":[{"href":"https:\/\/grupotextil.es\/en\/wp-json\/wp\/v2\/product"}],"about":[{"href":"https:\/\/grupotextil.es\/en\/wp-json\/wp\/v2\/types\/product"}],"replies":[{"embeddable":true,"href":"https:\/\/grupotextil.es\/en\/wp-json\/wp\/v2\/comments?post=365613"}],"wp:featuredmedia":[{"embeddable":true,"href":"https:\/\/grupotextil.es\/en\/wp-json\/wp\/v2\/media\/411778"}],"wp:attachment":[{"href":"https:\/\/grupotextil.es\/en\/wp-json\/wp\/v2\/media?parent=365613"}],"wp:term":[{"taxonomy":"product_brand","embeddable":true,"href":"https:\/\/grupotextil.es\/en\/wp-json\/wp\/v2\/product_brand?post=365613"},{"taxonomy":"product_cat","embeddable":true,"href":"https:\/\/grupotextil.es\/en\/wp-json\/wp\/v2\/product_cat?post=365613"},{"taxonomy":"product_tag","embeddable":true,"href":"https:\/\/grupotextil.es\/en\/wp-json\/wp\/v2\/product_tag?post=365613"}],"curies":[{"name":"wp","href":"https:\/\/api.w.org\/{rel}","templated":true}]}}