{"id":365792,"date":"2026-03-08T02:18:12","date_gmt":"2026-03-08T01:18:12","guid":{"rendered":"https:\/\/grupotextil.es\/producto\/originals-crew-neck-sweat-women\/"},"modified":"2026-03-08T02:18:12","modified_gmt":"2026-03-08T01:18:12","slug":"originals-crew-neck-sweat-women","status":"publish","type":"product","link":"https:\/\/grupotextil.es\/en\/product\/originals-crew-neck-sweat-women\/","title":{"rendered":"Originals cuello redondo Sweat mujer"},"content":{"rendered":"<ul>\n<li>280 g\/m\u00b2<\/li>\n<li>80% Algod\u00f3n, ring spun y peinado, 20% Poli\u00e9ster (Reciclado)<\/li>\n<li>Oxford ligero: 70% algod\u00f3n, 30% poli\u00e9ster (reciclado)<\/li>\n<li>Cara exterior 100% algod\u00f3n para una mejor impresi\u00f3n<\/li>\n<li>Tacto suave de melocot\u00f3n.<\/li>\n<li>Tejido de baja contracci\u00f3n (3 hilos)<\/li>\n<li>Interior cepillado y antipilling.<\/li>\n<li>Cinta para el cuello<\/li>\n<li>Cuello, dobladillo y pu\u00f1os de canal\u00e9<\/li>\n<li>Mangas ajustadas<\/li>\n<li>Costuras laterales<\/li>\n<li>Canes\u00fa trasero en forma de media luna para marcar el interior del cuello.<\/li>\n<li>Sin etiquetas (etiqueta de talla descentrada en el cuello para cambiar la marca)<\/li>\n<\/ul>","protected":false},"excerpt":{"rendered":"<p>280 g\/m\u00b280% Algod\u00f3n, ring spun y peinado, 20% Poli\u00e9ster (Reciclado)Oxford ligero: 70% algod\u00f3n, 30% poli\u00e9ster (reciclado)Cara exterior 100% algod\u00f3n para una mejor impresi\u00f3nTacto suave de melocot\u00f3n.<\/p>","protected":false},"featured_media":411839,"comment_status":"open","ping_status":"closed","template":"","meta":{"_acf_changed":false},"product_brand":[11676],"product_cat":[13974,13975,13973,13980,13989],"product_tag":[],"class_list":{"0":"post-365792","1":"product","2":"type-product","3":"status-publish","4":"has-post-thumbnail","6":"product_brand-sg","7":"product_cat-ropa-hombre","8":"product_cat-ropa-mujer","9":"product_cat-ropa","10":"product_cat-h-sudaderas","11":"product_cat-m-sudaderas","12":"tm-no-options","14":"first","15":"instock","16":"taxable","17":"shipping-taxable","18":"product-type-variable"},"acf":[],"_links":{"self":[{"href":"https:\/\/grupotextil.es\/en\/wp-json\/wp\/v2\/product\/365792","targetHints":{"allow":["GET"]}}],"collection":[{"href":"https:\/\/grupotextil.es\/en\/wp-json\/wp\/v2\/product"}],"about":[{"href":"https:\/\/grupotextil.es\/en\/wp-json\/wp\/v2\/types\/product"}],"replies":[{"embeddable":true,"href":"https:\/\/grupotextil.es\/en\/wp-json\/wp\/v2\/comments?post=365792"}],"wp:featuredmedia":[{"embeddable":true,"href":"https:\/\/grupotextil.es\/en\/wp-json\/wp\/v2\/media\/411839"}],"wp:attachment":[{"href":"https:\/\/grupotextil.es\/en\/wp-json\/wp\/v2\/media?parent=365792"}],"wp:term":[{"taxonomy":"product_brand","embeddable":true,"href":"https:\/\/grupotextil.es\/en\/wp-json\/wp\/v2\/product_brand?post=365792"},{"taxonomy":"product_cat","embeddable":true,"href":"https:\/\/grupotextil.es\/en\/wp-json\/wp\/v2\/product_cat?post=365792"},{"taxonomy":"product_tag","embeddable":true,"href":"https:\/\/grupotextil.es\/en\/wp-json\/wp\/v2\/product_tag?post=365792"}],"curies":[{"name":"wp","href":"https:\/\/api.w.org\/{rel}","templated":true}]}}