{"id":366369,"date":"2026-03-08T02:21:46","date_gmt":"2026-03-08T01:21:46","guid":{"rendered":"https:\/\/grupotextil.es\/producto\/sudadera-con-capucha-y-cremallera-de-tacto-suave\/"},"modified":"2026-03-08T02:21:46","modified_gmt":"2026-03-08T01:21:46","slug":"sudadera-con-capucha-y-cremallera-de-tacto-suave","status":"publish","type":"product","link":"https:\/\/grupotextil.es\/en\/product\/sudadera-con-capucha-y-cremallera-de-tacto-suave\/","title":{"rendered":"Sudadera con capucha y cremallera de tacto suave"},"content":{"rendered":"<ul>\n<li>330 g\/m\u00b2<\/li>\n<li>70 % algod\u00f3n, 30 % poli\u00e9ster<\/li>\n<li>Corte oversize<\/li>\n<li>Con capucha<\/li>\n<li>Cremallera met\u00e1lica<\/li>\n<li>Hombros ca\u00eddos<\/li>\n<li>Bolsillo canguro<\/li>\n<li>Pu\u00f1os y dobladillo en canal\u00e9.<\/li>\n<\/ul>","protected":false},"excerpt":{"rendered":"<p>330 g\/m\u00b270 % algod\u00f3n, 30 % poli\u00e9sterCorte oversizeCon capuchaCremallera met\u00e1licaHombros ca\u00eddosBolsillo canguroPu\u00f1os y dobladillo en canal\u00e9.<\/p>","protected":false},"featured_media":412080,"comment_status":"open","ping_status":"closed","template":"","meta":{"_acf_changed":false},"product_brand":[11675],"product_cat":[13974,13975,13973],"product_tag":[14010],"class_list":{"0":"post-366369","1":"product","2":"type-product","3":"status-publish","4":"has-post-thumbnail","6":"product_brand-build-your-brand","7":"product_cat-ropa-hombre","8":"product_cat-ropa-mujer","9":"product_cat-ropa","10":"product_tag-nuevo-2026","11":"tm-no-options","13":"first","14":"instock","15":"taxable","16":"shipping-taxable","17":"product-type-variable"},"acf":[],"_links":{"self":[{"href":"https:\/\/grupotextil.es\/en\/wp-json\/wp\/v2\/product\/366369","targetHints":{"allow":["GET"]}}],"collection":[{"href":"https:\/\/grupotextil.es\/en\/wp-json\/wp\/v2\/product"}],"about":[{"href":"https:\/\/grupotextil.es\/en\/wp-json\/wp\/v2\/types\/product"}],"replies":[{"embeddable":true,"href":"https:\/\/grupotextil.es\/en\/wp-json\/wp\/v2\/comments?post=366369"}],"wp:featuredmedia":[{"embeddable":true,"href":"https:\/\/grupotextil.es\/en\/wp-json\/wp\/v2\/media\/412080"}],"wp:attachment":[{"href":"https:\/\/grupotextil.es\/en\/wp-json\/wp\/v2\/media?parent=366369"}],"wp:term":[{"taxonomy":"product_brand","embeddable":true,"href":"https:\/\/grupotextil.es\/en\/wp-json\/wp\/v2\/product_brand?post=366369"},{"taxonomy":"product_cat","embeddable":true,"href":"https:\/\/grupotextil.es\/en\/wp-json\/wp\/v2\/product_cat?post=366369"},{"taxonomy":"product_tag","embeddable":true,"href":"https:\/\/grupotextil.es\/en\/wp-json\/wp\/v2\/product_tag?post=366369"}],"curies":[{"name":"wp","href":"https:\/\/api.w.org\/{rel}","templated":true}]}}