{"id":366540,"date":"2026-03-08T02:22:12","date_gmt":"2026-03-08T01:22:12","guid":{"rendered":"https:\/\/grupotextil.es\/producto\/sudadera-con-capucha-unisex-pullover-dtm\/"},"modified":"2026-03-08T02:22:12","modified_gmt":"2026-03-08T01:22:12","slug":"sudadera-con-capucha-unisex-pullover-dtm","status":"publish","type":"product","link":"https:\/\/grupotextil.es\/en\/product\/sudadera-con-capucha-unisex-pullover-dtm\/","title":{"rendered":"Sudadera con capucha unisex Pullover DTM"},"content":{"rendered":"<ul>\n<li>227 g\/m\u00b2<\/li>\n<li>52% algod\u00f3n peinado y ring-spun, 48% poli\u00e9ster<\/li>\n<li>Athletic Heather: 90% algod\u00f3n, 10% poli\u00e9ster<\/li>\n<li>Pre-encogido<\/li>\n<li>Te\u00f1ido para combinar con los cordones<\/li>\n<li>Pu\u00f1os y cintura acanalados<\/li>\n<li>Bolsillos canguro<\/li>\n<li>Con costura lateral<\/li>\n<li>Etiqueta extra\u00edble<\/li>\n<li>Ajuste moderno<\/li>\n<li>Talla unisex<\/li>\n<\/ul>","protected":false},"excerpt":{"rendered":"<p>227 g\/m\u00b252% algod\u00f3n peinado y ring-spun, 48% poli\u00e9sterAthletic Heather: 90% algod\u00f3n, 10% poli\u00e9sterPre-encogidoTe\u00f1ido para combinar con los cordonesPu\u00f1os y cintura acanaladosBolsillos canguroCon costur<\/p>","protected":false},"featured_media":412150,"comment_status":"open","ping_status":"closed","template":"","meta":{"_acf_changed":false},"product_brand":[11667],"product_cat":[13974,13975,13973],"product_tag":[],"class_list":{"0":"post-366540","1":"product","2":"type-product","3":"status-publish","4":"has-post-thumbnail","6":"product_brand-bella","7":"product_cat-ropa-hombre","8":"product_cat-ropa-mujer","9":"product_cat-ropa","10":"tm-no-options","12":"first","13":"instock","14":"taxable","15":"shipping-taxable","16":"product-type-variable"},"acf":[],"_links":{"self":[{"href":"https:\/\/grupotextil.es\/en\/wp-json\/wp\/v2\/product\/366540","targetHints":{"allow":["GET"]}}],"collection":[{"href":"https:\/\/grupotextil.es\/en\/wp-json\/wp\/v2\/product"}],"about":[{"href":"https:\/\/grupotextil.es\/en\/wp-json\/wp\/v2\/types\/product"}],"replies":[{"embeddable":true,"href":"https:\/\/grupotextil.es\/en\/wp-json\/wp\/v2\/comments?post=366540"}],"wp:featuredmedia":[{"embeddable":true,"href":"https:\/\/grupotextil.es\/en\/wp-json\/wp\/v2\/media\/412150"}],"wp:attachment":[{"href":"https:\/\/grupotextil.es\/en\/wp-json\/wp\/v2\/media?parent=366540"}],"wp:term":[{"taxonomy":"product_brand","embeddable":true,"href":"https:\/\/grupotextil.es\/en\/wp-json\/wp\/v2\/product_brand?post=366540"},{"taxonomy":"product_cat","embeddable":true,"href":"https:\/\/grupotextil.es\/en\/wp-json\/wp\/v2\/product_cat?post=366540"},{"taxonomy":"product_tag","embeddable":true,"href":"https:\/\/grupotextil.es\/en\/wp-json\/wp\/v2\/product_tag?post=366540"}],"curies":[{"name":"wp","href":"https:\/\/api.w.org\/{rel}","templated":true}]}}