{"id":366743,"date":"2026-03-08T02:22:59","date_gmt":"2026-03-08T01:22:59","guid":{"rendered":"https:\/\/grupotextil.es\/producto\/sudadera-de-trabajo-mangas-montadas\/"},"modified":"2026-03-08T02:22:59","modified_gmt":"2026-03-08T01:22:59","slug":"sudadera-de-trabajo-mangas-montadas","status":"publish","type":"product","link":"https:\/\/grupotextil.es\/en\/product\/sudadera-de-trabajo-mangas-montadas\/","title":{"rendered":"Sweatshirt de trabajo mangas montadas"},"content":{"rendered":"<ul>\n<li>300 g\/m\u00b2<\/li>\n<li>80% algod\u00f3n peinado ring-spun, 20% poli\u00e9ster<\/li>\n<li>Capa resistente a la suciedad SpotShield\u2122<\/li>\n<li>Canes\u00fa trasero reforzado<\/li>\n<li>Hombro de doble tejido que mejora la resistencia<\/li>\n<li>Manga con refuerzo<\/li>\n<li>Canal\u00e9 con elast\u00e1n en los extremos de la manga<\/li>\n<li>Bajo sin canal\u00e9<\/li>\n<li>Lavable a m\u00e1quina hasta 60\u00baC<\/li>\n<\/ul>","protected":false},"excerpt":{"rendered":"<p>300 g\/m\u00b280% algod\u00f3n peinado ring-spun, 20% poli\u00e9sterCapa resistente a la suciedad SpotShield\u2122Canes\u00fa trasero reforzadoHombro de doble tejido que mejora la resistenciaManga con refuerzoCanal\u00e9 con elast\u00e1<\/p>","protected":false},"featured_media":412211,"comment_status":"open","ping_status":"closed","template":"","meta":{"_acf_changed":false},"product_brand":[11670],"product_cat":[13974,13975,13973],"product_tag":[],"class_list":{"0":"post-366743","1":"product","2":"type-product","3":"status-publish","4":"has-post-thumbnail","6":"product_brand-russell-europe","7":"product_cat-ropa-hombre","8":"product_cat-ropa-mujer","9":"product_cat-ropa","10":"tm-no-options","12":"first","13":"instock","14":"taxable","15":"shipping-taxable","16":"product-type-variable"},"acf":[],"_links":{"self":[{"href":"https:\/\/grupotextil.es\/en\/wp-json\/wp\/v2\/product\/366743","targetHints":{"allow":["GET"]}}],"collection":[{"href":"https:\/\/grupotextil.es\/en\/wp-json\/wp\/v2\/product"}],"about":[{"href":"https:\/\/grupotextil.es\/en\/wp-json\/wp\/v2\/types\/product"}],"replies":[{"embeddable":true,"href":"https:\/\/grupotextil.es\/en\/wp-json\/wp\/v2\/comments?post=366743"}],"wp:featuredmedia":[{"embeddable":true,"href":"https:\/\/grupotextil.es\/en\/wp-json\/wp\/v2\/media\/412211"}],"wp:attachment":[{"href":"https:\/\/grupotextil.es\/en\/wp-json\/wp\/v2\/media?parent=366743"}],"wp:term":[{"taxonomy":"product_brand","embeddable":true,"href":"https:\/\/grupotextil.es\/en\/wp-json\/wp\/v2\/product_brand?post=366743"},{"taxonomy":"product_cat","embeddable":true,"href":"https:\/\/grupotextil.es\/en\/wp-json\/wp\/v2\/product_cat?post=366743"},{"taxonomy":"product_tag","embeddable":true,"href":"https:\/\/grupotextil.es\/en\/wp-json\/wp\/v2\/product_tag?post=366743"}],"curies":[{"name":"wp","href":"https:\/\/api.w.org\/{rel}","templated":true}]}}