{"id":366942,"date":"2026-03-08T02:23:11","date_gmt":"2026-03-08T01:23:11","guid":{"rendered":"https:\/\/grupotextil.es\/producto\/sudadera-pique-con-capucha-y-bolsillos\/"},"modified":"2026-03-08T02:23:11","modified_gmt":"2026-03-08T01:23:11","slug":"sudadera-pique-con-capucha-y-bolsillos","status":"publish","type":"product","link":"https:\/\/grupotextil.es\/en\/product\/sudadera-pique-con-capucha-y-bolsillos\/","title":{"rendered":"Sudadera Piqu\u00e9 con capucha y Bolsillos"},"content":{"rendered":"<ul>\n<li>300 g\/m\u00b2<\/li>\n<li>80% algod\u00f3n, 20% poli\u00e9ster<\/li>\n<li>Tejido con cara de piqu\u00e9<\/li>\n<li>Capucha elevada con forro de jersey del mismo color<\/li>\n<li>Pu\u00f1o y ribete de doble capa con costura completa<\/li>\n<li>Cuello y parte interior del cuello en jersey de color liso.<\/li>\n<li>Cord\u00f3n de cinta plana de color uniforme con extremos de metal<\/li>\n<li>Ojales met\u00e1licos a juego<\/li>\n<li>Bolsillo tipo canguro con bolsillo adicional con cremallera en la parte superior<\/li>\n<li>Cremallera de pl\u00e1stico en color propio con tirador de metal en color propio<\/li>\n<li>Pu\u00f1os y ribetes con doble costura<\/li>\n<li>Sisas con doble costura<\/li>\n<li>Arranque la etiqueta de la parte posterior del cuello.<\/li>\n<\/ul>","protected":false},"excerpt":{"rendered":"<p>300 g\/m\u00b280% algod\u00f3n, 20% poli\u00e9sterTejido con cara de piqu\u00e9Capucha elevada con forro de jersey del mismo colorPu\u00f1o y ribete de doble capa con costura completaCuello y parte interior del cuello en je&#8230;<\/p>","protected":false},"featured_media":412272,"comment_status":"open","ping_status":"closed","template":"","meta":{"_acf_changed":false},"product_brand":[11672],"product_cat":[13974,13975,13973],"product_tag":[],"class_list":{"0":"post-366942","1":"product","2":"type-product","3":"status-publish","4":"has-post-thumbnail","6":"product_brand-kustom-kit","7":"product_cat-ropa-hombre","8":"product_cat-ropa-mujer","9":"product_cat-ropa","10":"tm-no-options","12":"first","13":"instock","14":"taxable","15":"shipping-taxable","16":"product-type-variable"},"acf":[],"_links":{"self":[{"href":"https:\/\/grupotextil.es\/en\/wp-json\/wp\/v2\/product\/366942","targetHints":{"allow":["GET"]}}],"collection":[{"href":"https:\/\/grupotextil.es\/en\/wp-json\/wp\/v2\/product"}],"about":[{"href":"https:\/\/grupotextil.es\/en\/wp-json\/wp\/v2\/types\/product"}],"replies":[{"embeddable":true,"href":"https:\/\/grupotextil.es\/en\/wp-json\/wp\/v2\/comments?post=366942"}],"wp:featuredmedia":[{"embeddable":true,"href":"https:\/\/grupotextil.es\/en\/wp-json\/wp\/v2\/media\/412272"}],"wp:attachment":[{"href":"https:\/\/grupotextil.es\/en\/wp-json\/wp\/v2\/media?parent=366942"}],"wp:term":[{"taxonomy":"product_brand","embeddable":true,"href":"https:\/\/grupotextil.es\/en\/wp-json\/wp\/v2\/product_brand?post=366942"},{"taxonomy":"product_cat","embeddable":true,"href":"https:\/\/grupotextil.es\/en\/wp-json\/wp\/v2\/product_cat?post=366942"},{"taxonomy":"product_tag","embeddable":true,"href":"https:\/\/grupotextil.es\/en\/wp-json\/wp\/v2\/product_tag?post=366942"}],"curies":[{"name":"wp","href":"https:\/\/api.w.org\/{rel}","templated":true}]}}