{"id":367554,"date":"2026-03-08T02:25:20","date_gmt":"2026-03-08T01:25:20","guid":{"rendered":"https:\/\/grupotextil.es\/producto\/manta-polar-reciclada\/"},"modified":"2026-03-08T02:25:20","modified_gmt":"2026-03-08T01:25:20","slug":"manta-polar-reciclada","status":"publish","type":"product","link":"https:\/\/grupotextil.es\/en\/product\/manta-polar-reciclada\/","title":{"rendered":"Manta polar reciclado"},"content":{"rendered":"<ul>\n<li>280 g\/m\u00b2<\/li>\n<li>100% Poli\u00e9ster, reciclado<\/li>\n<li>Tejido compacto y denso para una buena retenci\u00f3n del calor y un secado r\u00e1pido.<\/li>\n<li>Sensaci\u00f3n de lujo y tacto suave.<\/li>\n<li>libre de PFC<\/li>\n<li>Borde de puntada del mismo color.<\/li>\n<li>Peso por manta: 700 g<\/li>\n<li>Lavable hasta 60\u00b0C<\/li>\n<li>Fabricado con hilos sostenibles REBORN\u2122 de la m\u00e1s alta calidad utilizando botellas de pl\u00e1stico PET 100 % recicladas postconsumo que ofrecen un equivalente sostenible a los hilos convencionales.<\/li>\n<\/ul>","protected":false},"excerpt":{"rendered":"<p>280 g\/m\u00b2100% Poli\u00e9ster, recicladoTejido compacto y denso para una buena retenci\u00f3n del calor y un secado r\u00e1pido.<\/p>","protected":false},"featured_media":412543,"comment_status":"open","ping_status":"closed","template":"","meta":{"_acf_changed":false},"product_brand":[11669],"product_cat":[13974,13975,13973],"product_tag":[],"class_list":{"0":"post-367554","1":"product","2":"type-product","3":"status-publish","4":"has-post-thumbnail","6":"product_brand-result","7":"product_cat-ropa-hombre","8":"product_cat-ropa-mujer","9":"product_cat-ropa","10":"tm-no-options","12":"first","13":"instock","14":"taxable","15":"shipping-taxable","16":"product-type-variable"},"acf":[],"_links":{"self":[{"href":"https:\/\/grupotextil.es\/en\/wp-json\/wp\/v2\/product\/367554","targetHints":{"allow":["GET"]}}],"collection":[{"href":"https:\/\/grupotextil.es\/en\/wp-json\/wp\/v2\/product"}],"about":[{"href":"https:\/\/grupotextil.es\/en\/wp-json\/wp\/v2\/types\/product"}],"replies":[{"embeddable":true,"href":"https:\/\/grupotextil.es\/en\/wp-json\/wp\/v2\/comments?post=367554"}],"wp:featuredmedia":[{"embeddable":true,"href":"https:\/\/grupotextil.es\/en\/wp-json\/wp\/v2\/media\/412543"}],"wp:attachment":[{"href":"https:\/\/grupotextil.es\/en\/wp-json\/wp\/v2\/media?parent=367554"}],"wp:term":[{"taxonomy":"product_brand","embeddable":true,"href":"https:\/\/grupotextil.es\/en\/wp-json\/wp\/v2\/product_brand?post=367554"},{"taxonomy":"product_cat","embeddable":true,"href":"https:\/\/grupotextil.es\/en\/wp-json\/wp\/v2\/product_cat?post=367554"},{"taxonomy":"product_tag","embeddable":true,"href":"https:\/\/grupotextil.es\/en\/wp-json\/wp\/v2\/product_tag?post=367554"}],"curies":[{"name":"wp","href":"https:\/\/api.w.org\/{rel}","templated":true}]}}