{"id":367592,"date":"2026-03-08T02:25:23","date_gmt":"2026-03-08T01:25:23","guid":{"rendered":"https:\/\/grupotextil.es\/producto\/sudadera\/"},"modified":"2026-03-08T02:25:23","modified_gmt":"2026-03-08T01:25:23","slug":"sudadera","status":"publish","type":"product","link":"https:\/\/grupotextil.es\/en\/product\/sudadera\/","title":{"rendered":"Sweatshirt"},"content":{"rendered":"<ul>\n<li>280 g\/m\u00b2<\/li>\n<li>80% algod\u00f3n ring-spun peinado, 20% poli\u00e9ster (Denim: 60% algod\u00f3n, 40% poli\u00e9ster; Light Oxford: 70% algod\u00f3n, 30% poli\u00e9ster)<\/li>\n<li>Cuello, pu\u00f1os y bajo en canal\u00e9<\/li>\n<li>Mangas montadas<\/li>\n<li>Costuras laterales<\/li>\n<li>Interior peinado<\/li>\n<\/ul>","protected":false},"excerpt":{"rendered":"<p>280 g\/m\u00b280% algod\u00f3n ring-spun peinado, 20% poli\u00e9ster (Denim: 60% algod\u00f3n, 40% poli\u00e9ster; Light Oxford: 70% algod\u00f3n, 30% poli\u00e9ster)Cuello, pu\u00f1os y bajo en canal\u00e9Mangas montadasCosturas lateralesInterio<\/p>","protected":false},"featured_media":412562,"comment_status":"open","ping_status":"closed","template":"","meta":{"_acf_changed":false},"product_brand":[11676],"product_cat":[13974,13975,13973],"product_tag":[],"class_list":{"0":"post-367592","1":"product","2":"type-product","3":"status-publish","4":"has-post-thumbnail","6":"product_brand-sg","7":"product_cat-ropa-hombre","8":"product_cat-ropa-mujer","9":"product_cat-ropa","10":"tm-no-options","12":"first","13":"instock","14":"taxable","15":"shipping-taxable","16":"product-type-variable"},"acf":[],"_links":{"self":[{"href":"https:\/\/grupotextil.es\/en\/wp-json\/wp\/v2\/product\/367592","targetHints":{"allow":["GET"]}}],"collection":[{"href":"https:\/\/grupotextil.es\/en\/wp-json\/wp\/v2\/product"}],"about":[{"href":"https:\/\/grupotextil.es\/en\/wp-json\/wp\/v2\/types\/product"}],"replies":[{"embeddable":true,"href":"https:\/\/grupotextil.es\/en\/wp-json\/wp\/v2\/comments?post=367592"}],"wp:featuredmedia":[{"embeddable":true,"href":"https:\/\/grupotextil.es\/en\/wp-json\/wp\/v2\/media\/412562"}],"wp:attachment":[{"href":"https:\/\/grupotextil.es\/en\/wp-json\/wp\/v2\/media?parent=367592"}],"wp:term":[{"taxonomy":"product_brand","embeddable":true,"href":"https:\/\/grupotextil.es\/en\/wp-json\/wp\/v2\/product_brand?post=367592"},{"taxonomy":"product_cat","embeddable":true,"href":"https:\/\/grupotextil.es\/en\/wp-json\/wp\/v2\/product_cat?post=367592"},{"taxonomy":"product_tag","embeddable":true,"href":"https:\/\/grupotextil.es\/en\/wp-json\/wp\/v2\/product_tag?post=367592"}],"curies":[{"name":"wp","href":"https:\/\/api.w.org\/{rel}","templated":true}]}}