{"id":367812,"date":"2026-03-08T02:25:37","date_gmt":"2026-03-08T01:25:37","guid":{"rendered":"https:\/\/grupotextil.es\/producto\/sudadera-acolchada-con-cremallera-y-corte-regular\/"},"modified":"2026-03-08T02:25:37","modified_gmt":"2026-03-08T01:25:37","slug":"sudadera-acolchada-con-cremallera-y-corte-regular","status":"publish","type":"product","link":"https:\/\/grupotextil.es\/en\/product\/sudadera-acolchada-con-cremallera-y-corte-regular\/","title":{"rendered":"Sweatshirt acolchada con cremallera y corte regular"},"content":{"rendered":"<ul>\n<li>300 g\/m\u00b2<\/li>\n<li>80 % algod\u00f3n, 20 % poli\u00e9ster<\/li>\n<li>Parte frontal acolchada<\/li>\n<li>Cremallera YKK met\u00e1lica de largo completo<\/li>\n<li>Pu\u00f1o y cinturilla en punto full needle de doble capa<\/li>\n<li>Cuello cadete de doble capa<\/li>\n<li>Bolsillos laterales inclinados.<\/li>\n<\/ul>","protected":false},"excerpt":{"rendered":"<p>300 g\/m\u00b280 % algod\u00f3n, 20 % poli\u00e9sterParte frontal acolchadaCremallera YKK met\u00e1lica de largo completoPu\u00f1o y cinturilla en punto full needle de doble capaCuello cadete de doble capaBolsillos laterale&#8230;<\/p>","protected":false},"featured_media":412616,"comment_status":"open","ping_status":"closed","template":"","meta":{"_acf_changed":false},"product_brand":[11672],"product_cat":[13974,13975,13973],"product_tag":[14010],"class_list":{"0":"post-367812","1":"product","2":"type-product","3":"status-publish","4":"has-post-thumbnail","6":"product_brand-kustom-kit","7":"product_cat-ropa-hombre","8":"product_cat-ropa-mujer","9":"product_cat-ropa","10":"product_tag-nuevo-2026","11":"tm-no-options","13":"first","14":"instock","15":"taxable","16":"shipping-taxable","17":"product-type-variable"},"acf":[],"_links":{"self":[{"href":"https:\/\/grupotextil.es\/en\/wp-json\/wp\/v2\/product\/367812","targetHints":{"allow":["GET"]}}],"collection":[{"href":"https:\/\/grupotextil.es\/en\/wp-json\/wp\/v2\/product"}],"about":[{"href":"https:\/\/grupotextil.es\/en\/wp-json\/wp\/v2\/types\/product"}],"replies":[{"embeddable":true,"href":"https:\/\/grupotextil.es\/en\/wp-json\/wp\/v2\/comments?post=367812"}],"wp:featuredmedia":[{"embeddable":true,"href":"https:\/\/grupotextil.es\/en\/wp-json\/wp\/v2\/media\/412616"}],"wp:attachment":[{"href":"https:\/\/grupotextil.es\/en\/wp-json\/wp\/v2\/media?parent=367812"}],"wp:term":[{"taxonomy":"product_brand","embeddable":true,"href":"https:\/\/grupotextil.es\/en\/wp-json\/wp\/v2\/product_brand?post=367812"},{"taxonomy":"product_cat","embeddable":true,"href":"https:\/\/grupotextil.es\/en\/wp-json\/wp\/v2\/product_cat?post=367812"},{"taxonomy":"product_tag","embeddable":true,"href":"https:\/\/grupotextil.es\/en\/wp-json\/wp\/v2\/product_tag?post=367812"}],"curies":[{"name":"wp","href":"https:\/\/api.w.org\/{rel}","templated":true}]}}