{"id":367827,"date":"2026-03-08T02:25:48","date_gmt":"2026-03-08T01:25:48","guid":{"rendered":"https:\/\/grupotextil.es\/producto\/originals-varsity-jacket-kids\/"},"modified":"2026-03-08T02:25:48","modified_gmt":"2026-03-08T01:25:48","slug":"originals-varsity-jacket-kids","status":"publish","type":"product","link":"https:\/\/grupotextil.es\/en\/product\/originals-varsity-jacket-kids\/","title":{"rendered":"Originals Varsity Jacket Kids"},"content":{"rendered":"<ul>\n<li>280 g\/m\u00b2<\/li>\n<li>80% Algod\u00f3n, ring spun y peinado, 20% Poli\u00e9ster (Reciclado)<\/li>\n<li>Oxford ligero: 70% algod\u00f3n, 30% poli\u00e9ster (reciclado)<\/li>\n<li>Cara exterior 100% algod\u00f3n para una mejor impresi\u00f3n<\/li>\n<li>Tacto suave de melocot\u00f3n.<\/li>\n<li>Tejido de baja contracci\u00f3n (3 hilos)<\/li>\n<li>Interior cepillado y antipilling.<\/li>\n<li>Cinta para el cuello<\/li>\n<li>Costura con doble aguja<\/li>\n<li>Dobladillo inferior, cuello y pu\u00f1os de canal\u00e9 a rayas de 2 colores.<\/li>\n<li>Mangas en contraste y botones a presi\u00f3n.<\/li>\n<li>Costuras laterales<\/li>\n<li>Canes\u00fa trasero en forma de media luna para marcar el interior del cuello.<\/li>\n<li>Sin etiquetas (etiqueta de talla descentrada en el cuello para cambiar la marca)<\/li>\n<\/ul>","protected":false},"excerpt":{"rendered":"<p>280 g\/m\u00b280% Algod\u00f3n, ring spun y peinado, 20% Poli\u00e9ster (Reciclado)Oxford ligero: 70% algod\u00f3n, 30% poli\u00e9ster (reciclado)Cara exterior 100% algod\u00f3n para una mejor impresi\u00f3nTacto suave de melocot\u00f3n.<\/p>","protected":false},"featured_media":412630,"comment_status":"open","ping_status":"closed","template":"","meta":{"_acf_changed":false},"product_brand":[11676],"product_cat":[13974,13975,13973],"product_tag":[],"class_list":{"0":"post-367827","1":"product","2":"type-product","3":"status-publish","4":"has-post-thumbnail","6":"product_brand-sg","7":"product_cat-ropa-hombre","8":"product_cat-ropa-mujer","9":"product_cat-ropa","10":"tm-no-options","12":"first","13":"instock","14":"taxable","15":"shipping-taxable","16":"product-type-variable"},"acf":[],"_links":{"self":[{"href":"https:\/\/grupotextil.es\/en\/wp-json\/wp\/v2\/product\/367827","targetHints":{"allow":["GET"]}}],"collection":[{"href":"https:\/\/grupotextil.es\/en\/wp-json\/wp\/v2\/product"}],"about":[{"href":"https:\/\/grupotextil.es\/en\/wp-json\/wp\/v2\/types\/product"}],"replies":[{"embeddable":true,"href":"https:\/\/grupotextil.es\/en\/wp-json\/wp\/v2\/comments?post=367827"}],"wp:featuredmedia":[{"embeddable":true,"href":"https:\/\/grupotextil.es\/en\/wp-json\/wp\/v2\/media\/412630"}],"wp:attachment":[{"href":"https:\/\/grupotextil.es\/en\/wp-json\/wp\/v2\/media?parent=367827"}],"wp:term":[{"taxonomy":"product_brand","embeddable":true,"href":"https:\/\/grupotextil.es\/en\/wp-json\/wp\/v2\/product_brand?post=367827"},{"taxonomy":"product_cat","embeddable":true,"href":"https:\/\/grupotextil.es\/en\/wp-json\/wp\/v2\/product_cat?post=367827"},{"taxonomy":"product_tag","embeddable":true,"href":"https:\/\/grupotextil.es\/en\/wp-json\/wp\/v2\/product_tag?post=367827"}],"curies":[{"name":"wp","href":"https:\/\/api.w.org\/{rel}","templated":true}]}}