{"id":368911,"date":"2026-03-08T02:33:45","date_gmt":"2026-03-08T01:33:45","guid":{"rendered":"https:\/\/grupotextil.es\/producto\/sudadera-vintage-mujer-classic-con-logo-grande\/"},"modified":"2026-03-08T02:33:45","modified_gmt":"2026-03-08T01:33:45","slug":"sudadera-vintage-mujer-classic-con-logo-grande","status":"publish","type":"product","link":"https:\/\/grupotextil.es\/en\/product\/sudadera-vintage-mujer-classic-con-logo-grande\/","title":{"rendered":"Sudadera Vintage mujer cl\u00e1sica con logo grande"},"content":{"rendered":"<ul>\n<li>280 g\/m\u00b2 (color Blanco: 260 g \/ m\u00b2)<\/li>\n<li>80% algod\u00f3n y 20% poli\u00e9ster<\/li>\n<li>Logotipo grande de Fruit of the Loom en la parte frontal<\/li>\n<li>Capucha con doble tejido y cord\u00f3n plano a juego<\/li>\n<li>Bolsillo frontal tipo canguro<\/li>\n<li>Cintura y pu\u00f1os de canal\u00e9 en algod\u00f3n \/ elastano para mantener la forma<\/li>\n<li>Costuras laterales con forma para un ajuste m\u00e1s femenino.<\/li>\n<\/ul>","protected":false},"excerpt":{"rendered":"<p>280 g\/m\u00b2 (color Blanco: 260 g \/ m\u00b2)80% algod\u00f3n y 20% poli\u00e9sterLogotipo grande de Fruit of the Loom en la parte frontalCapucha con doble tejido y cord\u00f3n plano a juegoBolsillo frontal tipo canguroCin&#8230;<\/p>","protected":false},"featured_media":412883,"comment_status":"open","ping_status":"closed","template":"","meta":{"_acf_changed":false},"product_brand":[11665],"product_cat":[13974,13975,13973],"product_tag":[],"class_list":{"0":"post-368911","1":"product","2":"type-product","3":"status-publish","4":"has-post-thumbnail","6":"product_brand-fruit-of-the-loom","7":"product_cat-ropa-hombre","8":"product_cat-ropa-mujer","9":"product_cat-ropa","10":"tm-no-options","12":"first","13":"instock","14":"taxable","15":"shipping-taxable","16":"product-type-variable"},"acf":[],"_links":{"self":[{"href":"https:\/\/grupotextil.es\/en\/wp-json\/wp\/v2\/product\/368911","targetHints":{"allow":["GET"]}}],"collection":[{"href":"https:\/\/grupotextil.es\/en\/wp-json\/wp\/v2\/product"}],"about":[{"href":"https:\/\/grupotextil.es\/en\/wp-json\/wp\/v2\/types\/product"}],"replies":[{"embeddable":true,"href":"https:\/\/grupotextil.es\/en\/wp-json\/wp\/v2\/comments?post=368911"}],"wp:featuredmedia":[{"embeddable":true,"href":"https:\/\/grupotextil.es\/en\/wp-json\/wp\/v2\/media\/412883"}],"wp:attachment":[{"href":"https:\/\/grupotextil.es\/en\/wp-json\/wp\/v2\/media?parent=368911"}],"wp:term":[{"taxonomy":"product_brand","embeddable":true,"href":"https:\/\/grupotextil.es\/en\/wp-json\/wp\/v2\/product_brand?post=368911"},{"taxonomy":"product_cat","embeddable":true,"href":"https:\/\/grupotextil.es\/en\/wp-json\/wp\/v2\/product_cat?post=368911"},{"taxonomy":"product_tag","embeddable":true,"href":"https:\/\/grupotextil.es\/en\/wp-json\/wp\/v2\/product_tag?post=368911"}],"curies":[{"name":"wp","href":"https:\/\/api.w.org\/{rel}","templated":true}]}}