{"id":368954,"date":"2026-03-08T02:34:02","date_gmt":"2026-03-08T01:34:02","guid":{"rendered":"https:\/\/grupotextil.es\/producto\/sudadera-con-capucha-y-cremallera-athletic\/"},"modified":"2026-03-08T02:34:02","modified_gmt":"2026-03-08T01:34:02","slug":"sudadera-con-capucha-y-cremallera-athletic","status":"publish","type":"product","link":"https:\/\/grupotextil.es\/en\/product\/sudadera-con-capucha-y-cremallera-athletic\/","title":{"rendered":"Sudadera con capucha y cremallera Athletic"},"content":{"rendered":"<ul>\n<li>320 g\/m\u00b2<\/li>\n<li>60% Algod\u00f3n, hilado en anillos, 40% Poli\u00e9ster<\/li>\n<li>Capucha con el\u00e1stico<\/li>\n<li>Cremallera SBS completa<\/li>\n<li>Bolsillo en la manga con cremallera SBS<\/li>\n<li>Bolsillos laterales<\/li>\n<li>Pu\u00f1os del mismo tejido<\/li>\n<li>Dobladillo inferior con el\u00e1stico<\/li>\n<\/ul>","protected":false},"excerpt":{"rendered":"<p>320 g\/m\u00b260% Algod\u00f3n, hilado en anillos, 40% Poli\u00e9sterCapucha con el\u00e1sticoCremallera SBS completaBolsillo en la manga con cremallera SBSBolsillos lateralesPu\u00f1os del mismo tejidoDobladillo inferior con<\/p>","protected":false},"featured_media":412908,"comment_status":"open","ping_status":"closed","template":"","meta":{"_acf_changed":false},"product_brand":[11671],"product_cat":[13974,13975,13973],"product_tag":[14010],"class_list":{"0":"post-368954","1":"product","2":"type-product","3":"status-publish","4":"has-post-thumbnail","6":"product_brand-tee-jays","7":"product_cat-ropa-hombre","8":"product_cat-ropa-mujer","9":"product_cat-ropa","10":"product_tag-nuevo-2026","11":"tm-no-options","13":"first","14":"instock","15":"taxable","16":"shipping-taxable","17":"product-type-variable"},"acf":[],"_links":{"self":[{"href":"https:\/\/grupotextil.es\/en\/wp-json\/wp\/v2\/product\/368954","targetHints":{"allow":["GET"]}}],"collection":[{"href":"https:\/\/grupotextil.es\/en\/wp-json\/wp\/v2\/product"}],"about":[{"href":"https:\/\/grupotextil.es\/en\/wp-json\/wp\/v2\/types\/product"}],"replies":[{"embeddable":true,"href":"https:\/\/grupotextil.es\/en\/wp-json\/wp\/v2\/comments?post=368954"}],"wp:featuredmedia":[{"embeddable":true,"href":"https:\/\/grupotextil.es\/en\/wp-json\/wp\/v2\/media\/412908"}],"wp:attachment":[{"href":"https:\/\/grupotextil.es\/en\/wp-json\/wp\/v2\/media?parent=368954"}],"wp:term":[{"taxonomy":"product_brand","embeddable":true,"href":"https:\/\/grupotextil.es\/en\/wp-json\/wp\/v2\/product_brand?post=368954"},{"taxonomy":"product_cat","embeddable":true,"href":"https:\/\/grupotextil.es\/en\/wp-json\/wp\/v2\/product_cat?post=368954"},{"taxonomy":"product_tag","embeddable":true,"href":"https:\/\/grupotextil.es\/en\/wp-json\/wp\/v2\/product_tag?post=368954"}],"curies":[{"name":"wp","href":"https:\/\/api.w.org\/{rel}","templated":true}]}}