{"id":368976,"date":"2026-03-08T02:34:09","date_gmt":"2026-03-08T01:34:09","guid":{"rendered":"https:\/\/grupotextil.es\/producto\/sudadera-con-capucha-hd-mujer\/"},"modified":"2026-03-08T02:34:09","modified_gmt":"2026-03-08T01:34:09","slug":"sudadera-con-capucha-hd-mujer","status":"publish","type":"product","link":"https:\/\/grupotextil.es\/en\/product\/sudadera-con-capucha-hd-mujer\/","title":{"rendered":"Sudadera con capucha HD mujer"},"content":{"rendered":"<ul>\n<li>255 g\/m\u00b2 (White: 250 g\/m\u00b2)<\/li>\n<li>65% poli\u00e9ster, 35% algod\u00f3n ring-spun peinado<\/li>\n<li>French Terry<\/li>\n<li>Capucha forrada de Jersey con cord\u00f3n<\/li>\n<li>Cord\u00f3n plano del mismo color con detalles de metal<\/li>\n<li>Cuello encintado con puntada a una aguja<\/li>\n<li>Etiqueta adhesiva extra\u00edble<\/li>\n<li>Costura en dobladillo y pu\u00f1os<\/li>\n<li>Corte ajustado<\/li>\n<li>Apropiado para sublimaci\u00f3n, bordado, transfer, serigraf\u00eda e impresi\u00f3n<\/li>\n<\/ul>","protected":false},"excerpt":{"rendered":"<p>255 g\/m\u00b2 (White: 250 g\/m\u00b2)65% poli\u00e9ster, 35% algod\u00f3n ring-spun peinadoFrench TerryCapucha forrada de Jersey con cord\u00f3nCord\u00f3n plano del mismo color con detalles de metalCuello encintado con puntada a u<\/p>","protected":false},"featured_media":412921,"comment_status":"open","ping_status":"closed","template":"","meta":{"_acf_changed":false},"product_brand":[11670],"product_cat":[13974,13975,13973],"product_tag":[],"class_list":{"0":"post-368976","1":"product","2":"type-product","3":"status-publish","4":"has-post-thumbnail","6":"product_brand-russell-europe","7":"product_cat-ropa-hombre","8":"product_cat-ropa-mujer","9":"product_cat-ropa","10":"tm-no-options","12":"first","13":"instock","14":"taxable","15":"shipping-taxable","16":"product-type-variable"},"acf":[],"_links":{"self":[{"href":"https:\/\/grupotextil.es\/en\/wp-json\/wp\/v2\/product\/368976","targetHints":{"allow":["GET"]}}],"collection":[{"href":"https:\/\/grupotextil.es\/en\/wp-json\/wp\/v2\/product"}],"about":[{"href":"https:\/\/grupotextil.es\/en\/wp-json\/wp\/v2\/types\/product"}],"replies":[{"embeddable":true,"href":"https:\/\/grupotextil.es\/en\/wp-json\/wp\/v2\/comments?post=368976"}],"wp:featuredmedia":[{"embeddable":true,"href":"https:\/\/grupotextil.es\/en\/wp-json\/wp\/v2\/media\/412921"}],"wp:attachment":[{"href":"https:\/\/grupotextil.es\/en\/wp-json\/wp\/v2\/media?parent=368976"}],"wp:term":[{"taxonomy":"product_brand","embeddable":true,"href":"https:\/\/grupotextil.es\/en\/wp-json\/wp\/v2\/product_brand?post=368976"},{"taxonomy":"product_cat","embeddable":true,"href":"https:\/\/grupotextil.es\/en\/wp-json\/wp\/v2\/product_cat?post=368976"},{"taxonomy":"product_tag","embeddable":true,"href":"https:\/\/grupotextil.es\/en\/wp-json\/wp\/v2\/product_tag?post=368976"}],"curies":[{"name":"wp","href":"https:\/\/api.w.org\/{rel}","templated":true}]}}