{"id":369306,"date":"2026-03-08T02:35:04","date_gmt":"2026-03-08T01:35:04","guid":{"rendered":"https:\/\/grupotextil.es\/producto\/pantalon-de-seguridad-elastico-reciclado\/"},"modified":"2026-03-08T02:35:04","modified_gmt":"2026-03-08T01:35:04","slug":"pantalon-de-seguridad-elastico-reciclado","status":"publish","type":"product","link":"https:\/\/grupotextil.es\/en\/product\/pantalon-de-seguridad-elastico-reciclado\/","title":{"rendered":"Pantal\u00f3n de seguridad el\u00e1stico reciclado"},"content":{"rendered":"<ul>\n<li>280 g\/m\u00b2<\/li>\n<li>50 % sarga de poli\u00e9ster (reciclado), 50 % elastomulti\u00e9ster de poli\u00e9ster<\/li>\n<li>Tejido el\u00e1stico suave al tacto y sin arrugas<\/li>\n<li>9 bolsillos, incluido un bolsillo reforzado para regla, bolsillos multicompartimentos en el muslo y bolsillos traseros expansibles<\/li>\n<li>Cintura lateral el\u00e1stica con parte trasera alta.<\/li>\n<\/ul>","protected":false},"excerpt":{"rendered":"<p>280 g\/m\u00b250 % sarga de poli\u00e9ster (reciclado), 50 % elastomulti\u00e9ster de poli\u00e9sterTejido el\u00e1stico suave al tacto y sin arrugas9 bolsillos, incluido un bolsillo reforzado para regla, bolsillos multicom&#8230;<\/p>","protected":false},"featured_media":412995,"comment_status":"open","ping_status":"closed","template":"","meta":{"_acf_changed":false},"product_brand":[11669],"product_cat":[13974,13975,13973],"product_tag":[14010],"class_list":{"0":"post-369306","1":"product","2":"type-product","3":"status-publish","4":"has-post-thumbnail","6":"product_brand-result","7":"product_cat-ropa-hombre","8":"product_cat-ropa-mujer","9":"product_cat-ropa","10":"product_tag-nuevo-2026","11":"tm-no-options","13":"first","14":"instock","15":"taxable","16":"shipping-taxable","17":"product-type-variable"},"acf":[],"_links":{"self":[{"href":"https:\/\/grupotextil.es\/en\/wp-json\/wp\/v2\/product\/369306","targetHints":{"allow":["GET"]}}],"collection":[{"href":"https:\/\/grupotextil.es\/en\/wp-json\/wp\/v2\/product"}],"about":[{"href":"https:\/\/grupotextil.es\/en\/wp-json\/wp\/v2\/types\/product"}],"replies":[{"embeddable":true,"href":"https:\/\/grupotextil.es\/en\/wp-json\/wp\/v2\/comments?post=369306"}],"wp:featuredmedia":[{"embeddable":true,"href":"https:\/\/grupotextil.es\/en\/wp-json\/wp\/v2\/media\/412995"}],"wp:attachment":[{"href":"https:\/\/grupotextil.es\/en\/wp-json\/wp\/v2\/media?parent=369306"}],"wp:term":[{"taxonomy":"product_brand","embeddable":true,"href":"https:\/\/grupotextil.es\/en\/wp-json\/wp\/v2\/product_brand?post=369306"},{"taxonomy":"product_cat","embeddable":true,"href":"https:\/\/grupotextil.es\/en\/wp-json\/wp\/v2\/product_cat?post=369306"},{"taxonomy":"product_tag","embeddable":true,"href":"https:\/\/grupotextil.es\/en\/wp-json\/wp\/v2\/product_tag?post=369306"}],"curies":[{"name":"wp","href":"https:\/\/api.w.org\/{rel}","templated":true}]}}