{"id":369659,"date":"2026-03-08T02:37:29","date_gmt":"2026-03-08T01:37:29","guid":{"rendered":"https:\/\/grupotextil.es\/producto\/sudadera-authentic-melange\/"},"modified":"2026-03-08T02:37:29","modified_gmt":"2026-03-08T01:37:29","slug":"sudadera-authentic-melange","status":"publish","type":"product","link":"https:\/\/grupotextil.es\/en\/product\/sudadera-authentic-melange\/","title":{"rendered":"Sweatshirt Authentic Melange"},"content":{"rendered":"<ul>\n<li>280 g\/m\u00b2<\/li>\n<li>75% algod\u00f3n ring spun y peinado, 21% poli\u00e9ster, 4% viscosa (tejido 3 capas)<\/li>\n<li>Carbon Melange: 77% algod\u00f3n, 23% poli\u00e9ster<\/li>\n<li>Superficie de impresi\u00f3n plana 100% algod\u00f3n<\/li>\n<li>Costura decorativa en forma de V en cuello<\/li>\n<li>Cuello encintado en espiguilla<\/li>\n<li>Canes\u00fa media luna<\/li>\n<li>Costuras modernas offset en los hombros<\/li>\n<li>Pu\u00f1os el\u00e1sticos y en canal\u00e9<\/li>\n<li>Costuras cubierats en sisas, pu\u00f1os y dobladillo<\/li>\n<li>Sin etiqueta<\/li>\n<li>Corte recto<\/li>\n<\/ul>","protected":false},"excerpt":{"rendered":"<p>280 g\/m\u00b275% algod\u00f3n ring spun y peinado, 21% poli\u00e9ster, 4% viscosa (tejido 3 capas)Carbon Melange: 77% algod\u00f3n, 23% poli\u00e9sterSuperficie de impresi\u00f3n plana 100% algod\u00f3nCostura decorativa en forma de V<\/p>","protected":false},"featured_media":413054,"comment_status":"open","ping_status":"closed","template":"","meta":{"_acf_changed":false},"product_brand":[11670],"product_cat":[13974,13975,13973],"product_tag":[],"class_list":{"0":"post-369659","1":"product","2":"type-product","3":"status-publish","4":"has-post-thumbnail","6":"product_brand-russell-europe","7":"product_cat-ropa-hombre","8":"product_cat-ropa-mujer","9":"product_cat-ropa","10":"tm-no-options","12":"first","13":"instock","14":"taxable","15":"shipping-taxable","16":"product-type-variable"},"acf":[],"_links":{"self":[{"href":"https:\/\/grupotextil.es\/en\/wp-json\/wp\/v2\/product\/369659","targetHints":{"allow":["GET"]}}],"collection":[{"href":"https:\/\/grupotextil.es\/en\/wp-json\/wp\/v2\/product"}],"about":[{"href":"https:\/\/grupotextil.es\/en\/wp-json\/wp\/v2\/types\/product"}],"replies":[{"embeddable":true,"href":"https:\/\/grupotextil.es\/en\/wp-json\/wp\/v2\/comments?post=369659"}],"wp:featuredmedia":[{"embeddable":true,"href":"https:\/\/grupotextil.es\/en\/wp-json\/wp\/v2\/media\/413054"}],"wp:attachment":[{"href":"https:\/\/grupotextil.es\/en\/wp-json\/wp\/v2\/media?parent=369659"}],"wp:term":[{"taxonomy":"product_brand","embeddable":true,"href":"https:\/\/grupotextil.es\/en\/wp-json\/wp\/v2\/product_brand?post=369659"},{"taxonomy":"product_cat","embeddable":true,"href":"https:\/\/grupotextil.es\/en\/wp-json\/wp\/v2\/product_cat?post=369659"},{"taxonomy":"product_tag","embeddable":true,"href":"https:\/\/grupotextil.es\/en\/wp-json\/wp\/v2\/product_tag?post=369659"}],"curies":[{"name":"wp","href":"https:\/\/api.w.org\/{rel}","templated":true}]}}