{"id":370253,"date":"2026-03-08T02:38:19","date_gmt":"2026-03-08T01:38:19","guid":{"rendered":"https:\/\/grupotextil.es\/producto\/sudadera-heavy-con-capucha-loose-fit-unlabeled\/"},"modified":"2026-03-08T02:38:19","modified_gmt":"2026-03-08T01:38:19","slug":"sudadera-heavy-con-capucha-loose-fit-unlabeled","status":"publish","type":"product","link":"https:\/\/grupotextil.es\/en\/product\/sudadera-heavy-con-capucha-loose-fit-unlabeled\/","title":{"rendered":"Sudadera Heavy con capucha Loose Fit UNLABELED"},"content":{"rendered":"<ul>\n<li>350 g\/m\u00b2<\/li>\n<li>100 % algod\u00f3n hilado en anillo (org\u00e1nico)<\/li>\n<li>Ajuste holgado<\/li>\n<li>Parte trasera cepillada<\/li>\n<li>Media luna para marca personalizada<\/li>\n<li>Etiqueta del cuello extra\u00edble.<\/li>\n<\/ul>","protected":false},"excerpt":{"rendered":"<p>350 g\/m\u00b2100 % algod\u00f3n hilado en anillo (org\u00e1nico)Ajuste holgadoParte trasera cepilladaMedia luna para marca personalizadaEtiqueta del cuello extra\u00edble.<\/p>","protected":false},"featured_media":413143,"comment_status":"open","ping_status":"closed","template":"","meta":{"_acf_changed":false},"product_brand":[11671],"product_cat":[13974,13975,13973],"product_tag":[],"class_list":{"0":"post-370253","1":"product","2":"type-product","3":"status-publish","4":"has-post-thumbnail","6":"product_brand-tee-jays","7":"product_cat-ropa-hombre","8":"product_cat-ropa-mujer","9":"product_cat-ropa","10":"tm-no-options","12":"first","13":"instock","14":"taxable","15":"shipping-taxable","16":"product-type-variable"},"acf":[],"_links":{"self":[{"href":"https:\/\/grupotextil.es\/en\/wp-json\/wp\/v2\/product\/370253","targetHints":{"allow":["GET"]}}],"collection":[{"href":"https:\/\/grupotextil.es\/en\/wp-json\/wp\/v2\/product"}],"about":[{"href":"https:\/\/grupotextil.es\/en\/wp-json\/wp\/v2\/types\/product"}],"replies":[{"embeddable":true,"href":"https:\/\/grupotextil.es\/en\/wp-json\/wp\/v2\/comments?post=370253"}],"wp:featuredmedia":[{"embeddable":true,"href":"https:\/\/grupotextil.es\/en\/wp-json\/wp\/v2\/media\/413143"}],"wp:attachment":[{"href":"https:\/\/grupotextil.es\/en\/wp-json\/wp\/v2\/media?parent=370253"}],"wp:term":[{"taxonomy":"product_brand","embeddable":true,"href":"https:\/\/grupotextil.es\/en\/wp-json\/wp\/v2\/product_brand?post=370253"},{"taxonomy":"product_cat","embeddable":true,"href":"https:\/\/grupotextil.es\/en\/wp-json\/wp\/v2\/product_cat?post=370253"},{"taxonomy":"product_tag","embeddable":true,"href":"https:\/\/grupotextil.es\/en\/wp-json\/wp\/v2\/product_tag?post=370253"}],"curies":[{"name":"wp","href":"https:\/\/api.w.org\/{rel}","templated":true}]}}