{"id":370957,"date":"2026-03-08T02:42:28","date_gmt":"2026-03-08T01:42:28","guid":{"rendered":"https:\/\/grupotextil.es\/producto\/sudadera-authentic-melange-capucha-zip-hombre\/"},"modified":"2026-03-08T02:42:28","modified_gmt":"2026-03-08T01:42:28","slug":"sudadera-authentic-melange-capucha-zip-hombre","status":"publish","type":"product","link":"https:\/\/grupotextil.es\/en\/product\/sudadera-authentic-melange-capucha-zip-hombre\/","title":{"rendered":"Sudadera Authentic Melange capucha\/zip hombre"},"content":{"rendered":"<ul>\n<li>280 g\/m\u00b2<\/li>\n<li>75% algod\u00f3n ring spun y peinado, 21% poli\u00e9ster, 4% viscosa (tejido 3 capas)<\/li>\n<li>Carbon Melange: 77% algod\u00f3n, 23% poli\u00e9ster<\/li>\n<li>Superficie de impresi\u00f3n plana 100% algod\u00f3n<\/li>\n<li>Capucha de doble capa con cord\u00f3n plano<\/li>\n<li>Cuello encintado en espiguilla<\/li>\n<li>Cremallera entera<\/li>\n<li>Canes\u00fa media luna<\/li>\n<li>Costuras modernas offset en los hombros<\/li>\n<li>Bolsillos laterales<\/li>\n<li>Pu\u00f1os el\u00e1sticos y en canal\u00e9<\/li>\n<li>Sin etiqueta<\/li>\n<li>Corte recto<\/li>\n<\/ul>","protected":false},"excerpt":{"rendered":"<p>280 g\/m\u00b275% algod\u00f3n ring spun y peinado, 21% poli\u00e9ster, 4% viscosa (tejido 3 capas)Carbon Melange: 77% algod\u00f3n, 23% poli\u00e9sterSuperficie de impresi\u00f3n plana 100% algod\u00f3nCapucha de doble capa con cord\u00f3n<\/p>","protected":false},"featured_media":413299,"comment_status":"open","ping_status":"closed","template":"","meta":{"_acf_changed":false},"product_brand":[11670],"product_cat":[13974,13975,13973,13980,13989],"product_tag":[],"class_list":{"0":"post-370957","1":"product","2":"type-product","3":"status-publish","4":"has-post-thumbnail","6":"product_brand-russell-europe","7":"product_cat-ropa-hombre","8":"product_cat-ropa-mujer","9":"product_cat-ropa","10":"product_cat-h-sudaderas","11":"product_cat-m-sudaderas","12":"tm-no-options","14":"first","15":"instock","16":"taxable","17":"shipping-taxable","18":"product-type-variable"},"acf":[],"_links":{"self":[{"href":"https:\/\/grupotextil.es\/en\/wp-json\/wp\/v2\/product\/370957","targetHints":{"allow":["GET"]}}],"collection":[{"href":"https:\/\/grupotextil.es\/en\/wp-json\/wp\/v2\/product"}],"about":[{"href":"https:\/\/grupotextil.es\/en\/wp-json\/wp\/v2\/types\/product"}],"replies":[{"embeddable":true,"href":"https:\/\/grupotextil.es\/en\/wp-json\/wp\/v2\/comments?post=370957"}],"wp:featuredmedia":[{"embeddable":true,"href":"https:\/\/grupotextil.es\/en\/wp-json\/wp\/v2\/media\/413299"}],"wp:attachment":[{"href":"https:\/\/grupotextil.es\/en\/wp-json\/wp\/v2\/media?parent=370957"}],"wp:term":[{"taxonomy":"product_brand","embeddable":true,"href":"https:\/\/grupotextil.es\/en\/wp-json\/wp\/v2\/product_brand?post=370957"},{"taxonomy":"product_cat","embeddable":true,"href":"https:\/\/grupotextil.es\/en\/wp-json\/wp\/v2\/product_cat?post=370957"},{"taxonomy":"product_tag","embeddable":true,"href":"https:\/\/grupotextil.es\/en\/wp-json\/wp\/v2\/product_tag?post=370957"}],"curies":[{"name":"wp","href":"https:\/\/api.w.org\/{rel}","templated":true}]}}