{"id":371176,"date":"2026-03-08T02:44:12","date_gmt":"2026-03-08T01:44:12","guid":{"rendered":"https:\/\/grupotextil.es\/producto\/inspire-zipped-hood\/"},"modified":"2026-03-08T02:44:12","modified_gmt":"2026-03-08T01:44:12","slug":"inspire-zipped-hood","status":"publish","type":"product","link":"https:\/\/grupotextil.es\/en\/product\/inspire-zipped-hood\/","title":{"rendered":"Inspire Zipped Hood"},"content":{"rendered":"<ul>\n<li>280 g\/m\u00b2<\/li>\n<li>80% algod\u00f3n (certificado org\u00e1nico y en conversi\u00f3n, mezcla certificada Better Cotton), 20% poli\u00e9ster reciclado<\/li>\n<li>Heather Grey: 71% algod\u00f3n (certificado org\u00e1nico y en conversi\u00f3n, mezcla certificada Better Cotton) 25% poli\u00e9ster reciclado, 4% viscosa<\/li>\n<li>Tacto muy suave<\/li>\n<li>French Terry<\/li>\n<li>Superficie lisa y uniforme para mejores resultados de impresi\u00f3n<\/li>\n<li>Capucha con forro y con cord\u00f3n de moda<\/li>\n<li>Cuello encintado con espiguilla<\/li>\n<li>Interior Single Jersey y canes\u00fa media luna<\/li>\n<li>Cremallera entera para mejores resultados de impresi\u00f3n<\/li>\n<li>Bolsillos de parche<\/li>\n<li>Sistema B&amp;C No Label, perfecto para re-etiquetar<\/li>\n<li>Costuras laterales<\/li>\n<li>Unisex<\/li>\n<li>Corte regular<\/li>\n<\/ul>","protected":false},"excerpt":{"rendered":"<p>280 g\/m\u00b280% algod\u00f3n (certificado org\u00e1nico y en conversi\u00f3n, mezcla certificada Better Cotton), 20% poli\u00e9ster recicladoHeather Grey: 71% algod\u00f3n (certificado org\u00e1nico y en conversi\u00f3n, mezcla certificada<\/p>","protected":false},"featured_media":413359,"comment_status":"open","ping_status":"closed","template":"","meta":{"_acf_changed":false},"product_brand":[11653],"product_cat":[13974,13975,13973,13980,13989],"product_tag":[],"class_list":{"0":"post-371176","1":"product","2":"type-product","3":"status-publish","4":"has-post-thumbnail","6":"product_brand-b-c","7":"product_cat-ropa-hombre","8":"product_cat-ropa-mujer","9":"product_cat-ropa","10":"product_cat-h-sudaderas","11":"product_cat-m-sudaderas","12":"tm-no-options","14":"first","15":"instock","16":"taxable","17":"shipping-taxable","18":"product-type-variable"},"acf":[],"_links":{"self":[{"href":"https:\/\/grupotextil.es\/en\/wp-json\/wp\/v2\/product\/371176","targetHints":{"allow":["GET"]}}],"collection":[{"href":"https:\/\/grupotextil.es\/en\/wp-json\/wp\/v2\/product"}],"about":[{"href":"https:\/\/grupotextil.es\/en\/wp-json\/wp\/v2\/types\/product"}],"replies":[{"embeddable":true,"href":"https:\/\/grupotextil.es\/en\/wp-json\/wp\/v2\/comments?post=371176"}],"wp:featuredmedia":[{"embeddable":true,"href":"https:\/\/grupotextil.es\/en\/wp-json\/wp\/v2\/media\/413359"}],"wp:attachment":[{"href":"https:\/\/grupotextil.es\/en\/wp-json\/wp\/v2\/media?parent=371176"}],"wp:term":[{"taxonomy":"product_brand","embeddable":true,"href":"https:\/\/grupotextil.es\/en\/wp-json\/wp\/v2\/product_brand?post=371176"},{"taxonomy":"product_cat","embeddable":true,"href":"https:\/\/grupotextil.es\/en\/wp-json\/wp\/v2\/product_cat?post=371176"},{"taxonomy":"product_tag","embeddable":true,"href":"https:\/\/grupotextil.es\/en\/wp-json\/wp\/v2\/product_tag?post=371176"}],"curies":[{"name":"wp","href":"https:\/\/api.w.org\/{rel}","templated":true}]}}