{"id":371722,"date":"2026-03-08T02:48:53","date_gmt":"2026-03-08T01:48:53","guid":{"rendered":"https:\/\/grupotextil.es\/producto\/sudadera-manga-raglan\/"},"modified":"2026-03-08T02:48:53","modified_gmt":"2026-03-08T01:48:53","slug":"sudadera-manga-raglan","status":"publish","type":"product","link":"https:\/\/grupotextil.es\/en\/product\/sudadera-manga-raglan\/","title":{"rendered":"Sweatshirt manga ragl\u00e1n"},"content":{"rendered":"<ul>\n<li>260 g\/m\u00b2 (White: 260 g\/m\u00b2)<\/li>\n<li>80% algod\u00f3n, 20% poli\u00e9ster<\/li>\n<li>Heather colors (excepto Heather Grey): 60% Cotton, 40% Polyester<\/li>\n<li>Mangas ragl\u00e1n<\/li>\n<li>Mangas, pu\u00f1os y bajos en canal\u00e9<\/li>\n<li>Tejido tubular<\/li>\n<\/ul>","protected":false},"excerpt":{"rendered":"<p>260 g\/m\u00b2 (White: 260 g\/m\u00b2)80% algod\u00f3n, 20% poli\u00e9sterHeather colors (excepto Heather Grey): 60% Cotton, 40% PolyesterMangas ragl\u00e1nMangas, pu\u00f1os y bajos en canal\u00e9Tejido tubular<\/p>","protected":false},"featured_media":413487,"comment_status":"open","ping_status":"closed","template":"","meta":{"_acf_changed":false},"product_brand":[11665],"product_cat":[13974,13975,13973,13989,13980],"product_tag":[14009],"class_list":{"0":"post-371722","1":"product","2":"type-product","3":"status-publish","4":"has-post-thumbnail","6":"product_brand-fruit-of-the-loom","7":"product_cat-ropa-hombre","8":"product_cat-ropa-mujer","9":"product_cat-ropa","10":"product_cat-m-sudaderas","11":"product_cat-h-sudaderas","12":"product_tag-top-ventas","13":"tm-no-options","15":"first","16":"instock","17":"taxable","18":"shipping-taxable","19":"product-type-variable"},"acf":[],"_links":{"self":[{"href":"https:\/\/grupotextil.es\/en\/wp-json\/wp\/v2\/product\/371722","targetHints":{"allow":["GET"]}}],"collection":[{"href":"https:\/\/grupotextil.es\/en\/wp-json\/wp\/v2\/product"}],"about":[{"href":"https:\/\/grupotextil.es\/en\/wp-json\/wp\/v2\/types\/product"}],"replies":[{"embeddable":true,"href":"https:\/\/grupotextil.es\/en\/wp-json\/wp\/v2\/comments?post=371722"}],"wp:featuredmedia":[{"embeddable":true,"href":"https:\/\/grupotextil.es\/en\/wp-json\/wp\/v2\/media\/413487"}],"wp:attachment":[{"href":"https:\/\/grupotextil.es\/en\/wp-json\/wp\/v2\/media?parent=371722"}],"wp:term":[{"taxonomy":"product_brand","embeddable":true,"href":"https:\/\/grupotextil.es\/en\/wp-json\/wp\/v2\/product_brand?post=371722"},{"taxonomy":"product_cat","embeddable":true,"href":"https:\/\/grupotextil.es\/en\/wp-json\/wp\/v2\/product_cat?post=371722"},{"taxonomy":"product_tag","embeddable":true,"href":"https:\/\/grupotextil.es\/en\/wp-json\/wp\/v2\/product_tag?post=371722"}],"curies":[{"name":"wp","href":"https:\/\/api.w.org\/{rel}","templated":true}]}}