{"id":372413,"date":"2026-03-08T02:55:44","date_gmt":"2026-03-08T01:55:44","guid":{"rendered":"https:\/\/grupotextil.es\/producto\/sudadera-authentic-con-cremallera-y-capucha-nino-a\/"},"modified":"2026-03-08T02:55:44","modified_gmt":"2026-03-08T01:55:44","slug":"sudadera-authentic-con-cremallera-y-capucha-nino-a","status":"publish","type":"product","link":"https:\/\/grupotextil.es\/en\/product\/sudadera-authentic-con-cremallera-y-capucha-nino-a\/","title":{"rendered":"Sweatshirt Authentic con cremallera y capucha Kids\/a"},"content":{"rendered":"<ul>\n<li>280 g\/m\u00b2<\/li>\n<li>80% algod\u00f3n peinado ringspun, 20% poli\u00e9ster (tejido de 3 capas)<\/li>\n<li>Superf\u00edcie de impresi\u00f3n plana 100% algod\u00f3n<\/li>\n<li>Capucha de doble capa (sin cordones)<\/li>\n<li>Cuello encintado en espiguilla<\/li>\n<li>Cremallera entera YKK de metal (plata envejecida)<\/li>\n<li>Bolsillos en los laterales<\/li>\n<li>Pu\u00f1os y dobladillo inferior en canal\u00e9 1&#215;1<\/li>\n<li>Dobladillo y pu\u00f1os m\u00e1s anchos<\/li>\n<li>Pespunte superior decorativo<\/li>\n<\/ul>","protected":false},"excerpt":{"rendered":"<p>280 g\/m\u00b280% algod\u00f3n peinado ringspun, 20% poli\u00e9ster (tejido de 3 capas)Superf\u00edcie de impresi\u00f3n plana 100% algod\u00f3nCapucha de doble capa (sin cordones)Cuello encintado en espiguillaCremallera entera YKK<\/p>","protected":false},"featured_media":413627,"comment_status":"open","ping_status":"closed","template":"","meta":{"_acf_changed":false},"product_brand":[11670],"product_cat":[13973],"product_tag":[14009],"class_list":{"0":"post-372413","1":"product","2":"type-product","3":"status-publish","4":"has-post-thumbnail","6":"product_brand-russell-europe","7":"product_cat-ropa","8":"product_tag-top-ventas","9":"tm-no-options","11":"first","12":"instock","13":"taxable","14":"shipping-taxable","15":"product-type-variable"},"acf":[],"_links":{"self":[{"href":"https:\/\/grupotextil.es\/en\/wp-json\/wp\/v2\/product\/372413","targetHints":{"allow":["GET"]}}],"collection":[{"href":"https:\/\/grupotextil.es\/en\/wp-json\/wp\/v2\/product"}],"about":[{"href":"https:\/\/grupotextil.es\/en\/wp-json\/wp\/v2\/types\/product"}],"replies":[{"embeddable":true,"href":"https:\/\/grupotextil.es\/en\/wp-json\/wp\/v2\/comments?post=372413"}],"wp:featuredmedia":[{"embeddable":true,"href":"https:\/\/grupotextil.es\/en\/wp-json\/wp\/v2\/media\/413627"}],"wp:attachment":[{"href":"https:\/\/grupotextil.es\/en\/wp-json\/wp\/v2\/media?parent=372413"}],"wp:term":[{"taxonomy":"product_brand","embeddable":true,"href":"https:\/\/grupotextil.es\/en\/wp-json\/wp\/v2\/product_brand?post=372413"},{"taxonomy":"product_cat","embeddable":true,"href":"https:\/\/grupotextil.es\/en\/wp-json\/wp\/v2\/product_cat?post=372413"},{"taxonomy":"product_tag","embeddable":true,"href":"https:\/\/grupotextil.es\/en\/wp-json\/wp\/v2\/product_tag?post=372413"}],"curies":[{"name":"wp","href":"https:\/\/api.w.org\/{rel}","templated":true}]}}