{"id":372515,"date":"2026-03-08T02:56:59","date_gmt":"2026-03-08T01:56:59","guid":{"rendered":"https:\/\/grupotextil.es\/producto\/sudadera-con-capucha-id-223\/"},"modified":"2026-03-08T02:56:59","modified_gmt":"2026-03-08T01:56:59","slug":"sudadera-con-capucha-id-223","status":"publish","type":"product","link":"https:\/\/grupotextil.es\/en\/product\/sudadera-con-capucha-id-223\/","title":{"rendered":"Hoodie ID.223"},"content":{"rendered":"<ul>\n<li>280 g\/m\u00b2<\/li>\n<li>50 % algod\u00f3n (invirtiendo en Better Cotton), 50 % poli\u00e9ster (reciclado) &#8211; certificado RCS<\/li>\n<li>Estilo verdaderamente neutral en cuanto al g\u00e9nero con costuras laterales.<\/li>\n<li>Ajuste relajado cl\u00e1sico y moderno para todas las ocasiones.<\/li>\n<li>Excelente capacidad de impresi\u00f3n y tacto.<\/li>\n<li>Capucha forrada de jersey sencillo dise\u00f1ada por expertos para un ajuste perfecto<\/li>\n<li>Mangas montadas con una ligera ca\u00edda de hombro para mejorar la mobilidad<\/li>\n<li>Bolsillo de canguro, pensado y fabricado para la comodidad de las manos y un almacenamiento seguro<\/li>\n<li>Pu\u00f1os y dobladillo inferior cl\u00e1sicos en canal\u00e9 1&#215;1 con elastano.<\/li>\n<li>Sin etiqueta, f\u00e1cil de rebrandear<\/li>\n<\/ul>","protected":false},"excerpt":{"rendered":"<p>280 g\/m\u00b250 % algod\u00f3n (invirtiendo en Better Cotton), 50 % poli\u00e9ster (reciclado) &#8211; certificado RCSEstilo verdaderamente neutral en cuanto al g\u00e9nero con costuras laterales.<\/p>","protected":false},"featured_media":413684,"comment_status":"open","ping_status":"closed","template":"","meta":{"_acf_changed":false},"product_brand":[11653],"product_cat":[13973],"product_tag":[],"class_list":{"0":"post-372515","1":"product","2":"type-product","3":"status-publish","4":"has-post-thumbnail","6":"product_brand-b-c","7":"product_cat-ropa","8":"tm-no-options","10":"first","11":"instock","12":"taxable","13":"shipping-taxable","14":"product-type-variable"},"acf":[],"_links":{"self":[{"href":"https:\/\/grupotextil.es\/en\/wp-json\/wp\/v2\/product\/372515","targetHints":{"allow":["GET"]}}],"collection":[{"href":"https:\/\/grupotextil.es\/en\/wp-json\/wp\/v2\/product"}],"about":[{"href":"https:\/\/grupotextil.es\/en\/wp-json\/wp\/v2\/types\/product"}],"replies":[{"embeddable":true,"href":"https:\/\/grupotextil.es\/en\/wp-json\/wp\/v2\/comments?post=372515"}],"wp:featuredmedia":[{"embeddable":true,"href":"https:\/\/grupotextil.es\/en\/wp-json\/wp\/v2\/media\/413684"}],"wp:attachment":[{"href":"https:\/\/grupotextil.es\/en\/wp-json\/wp\/v2\/media?parent=372515"}],"wp:term":[{"taxonomy":"product_brand","embeddable":true,"href":"https:\/\/grupotextil.es\/en\/wp-json\/wp\/v2\/product_brand?post=372515"},{"taxonomy":"product_cat","embeddable":true,"href":"https:\/\/grupotextil.es\/en\/wp-json\/wp\/v2\/product_cat?post=372515"},{"taxonomy":"product_tag","embeddable":true,"href":"https:\/\/grupotextil.es\/en\/wp-json\/wp\/v2\/product_tag?post=372515"}],"curies":[{"name":"wp","href":"https:\/\/api.w.org\/{rel}","templated":true}]}}