{"id":372991,"date":"2026-03-08T03:00:50","date_gmt":"2026-03-08T02:00:50","guid":{"rendered":"https:\/\/grupotextil.es\/producto\/sudadera-iconic-250-con-mangas-montadas\/"},"modified":"2026-03-08T03:00:50","modified_gmt":"2026-03-08T02:00:50","slug":"sudadera-iconic-250-con-mangas-montadas","status":"publish","type":"product","link":"https:\/\/grupotextil.es\/en\/product\/sudadera-iconic-250-con-mangas-montadas\/","title":{"rendered":"Sweatshirt Iconic 250 con mangas montadas"},"content":{"rendered":"<ul>\n<li>240 g\/m\u00b2<\/li>\n<li>(Blanco\/jaspeado: 230 g\/m\u00b2)<\/li>\n<li>80 % algod\u00f3n peinado ring-spun, 20 % poli\u00e9ster (fabricado con fibras CiCLO\u00ae)<\/li>\n<li>(Jaspeado atl\u00e9tico: 75 % algod\u00f3n peinado ring-spun, 25 % poli\u00e9ster)<\/li>\n<li>Corte cl\u00e1sico<\/li>\n<li>Cuello redondo con ribete el\u00e1stico en el cuello<\/li>\n<li>Superficie de algod\u00f3n suave para mejores resultados de personalizaci\u00f3n<\/li>\n<li>Forro polar interior cepillado<\/li>\n<li>Pu\u00f1os y dobladillo en canal\u00e9 1&#215;1 con licra<\/li>\n<li>Etiqueta extra\u00edble.<\/li>\n<\/ul>","protected":false},"excerpt":{"rendered":"<p>240 g\/m\u00b2(Blanco\/jaspeado: 230 g\/m\u00b2)80 % algod\u00f3n peinado ring-spun, 20 % poli\u00e9ster (fabricado con fibras CiCLO\u00ae)(Jaspeado atl\u00e9tico: 75 % algod\u00f3n peinado ring-spun, 25 % poli\u00e9ster)Corte cl\u00e1sicoCuello&#8230;<\/p>","protected":false},"featured_media":413838,"comment_status":"open","ping_status":"closed","template":"","meta":{"_acf_changed":false},"product_brand":[11665],"product_cat":[13973],"product_tag":[14010],"class_list":{"0":"post-372991","1":"product","2":"type-product","3":"status-publish","4":"has-post-thumbnail","6":"product_brand-fruit-of-the-loom","7":"product_cat-ropa","8":"product_tag-nuevo-2026","9":"tm-no-options","11":"first","12":"instock","13":"taxable","14":"shipping-taxable","15":"product-type-variable"},"acf":[],"_links":{"self":[{"href":"https:\/\/grupotextil.es\/en\/wp-json\/wp\/v2\/product\/372991","targetHints":{"allow":["GET"]}}],"collection":[{"href":"https:\/\/grupotextil.es\/en\/wp-json\/wp\/v2\/product"}],"about":[{"href":"https:\/\/grupotextil.es\/en\/wp-json\/wp\/v2\/types\/product"}],"replies":[{"embeddable":true,"href":"https:\/\/grupotextil.es\/en\/wp-json\/wp\/v2\/comments?post=372991"}],"wp:featuredmedia":[{"embeddable":true,"href":"https:\/\/grupotextil.es\/en\/wp-json\/wp\/v2\/media\/413838"}],"wp:attachment":[{"href":"https:\/\/grupotextil.es\/en\/wp-json\/wp\/v2\/media?parent=372991"}],"wp:term":[{"taxonomy":"product_brand","embeddable":true,"href":"https:\/\/grupotextil.es\/en\/wp-json\/wp\/v2\/product_brand?post=372991"},{"taxonomy":"product_cat","embeddable":true,"href":"https:\/\/grupotextil.es\/en\/wp-json\/wp\/v2\/product_cat?post=372991"},{"taxonomy":"product_tag","embeddable":true,"href":"https:\/\/grupotextil.es\/en\/wp-json\/wp\/v2\/product_tag?post=372991"}],"curies":[{"name":"wp","href":"https:\/\/api.w.org\/{rel}","templated":true}]}}