{"id":373317,"date":"2026-03-08T03:03:34","date_gmt":"2026-03-08T02:03:34","guid":{"rendered":"https:\/\/grupotextil.es\/producto\/sudadera-queen-con-capucha-mujer\/"},"modified":"2026-03-08T03:03:34","modified_gmt":"2026-03-08T02:03:34","slug":"sudadera-queen-con-capucha-mujer","status":"publish","type":"product","link":"https:\/\/grupotextil.es\/en\/product\/sudadera-queen-con-capucha-mujer\/","title":{"rendered":"Sudadera Queen con capucha mujer"},"content":{"rendered":"<ul>\n<li>280 g\/m\u00b2<\/li>\n<li>80% algod\u00f3n pre-encogido, ringspun y peinado, 20% poli\u00e9ster<\/li>\n<li>Heather Grey: 75% algod\u00f3n pre-encogido, ringspun y peinado, 21% poli\u00e9ster, 4% viscosa<\/li>\n<li>Heather Mid Grey: 60% algod\u00f3n pre-encogido, ringspun y peinado, 40% poli\u00e9ster<\/li>\n<li>Tacto melocot\u00f3n<\/li>\n<li>Superficie de impresi\u00f3n amplia<\/li>\n<li>Interior perchado<\/li>\n<li>Capucha con forro de jersey<\/li>\n<li>Cordones con detalles y con puntas de metal<\/li>\n<li>Cuello encintado<\/li>\n<li>Interior Single Jersey y canes\u00fa media luna<\/li>\n<li>Bolsillo canguro<\/li>\n<li>Costuras laterales<\/li>\n<li>Corte regular<\/li>\n<li>Sin etiqueta para un rebranding sencillo<\/li>\n<\/ul>","protected":false},"excerpt":{"rendered":"<p>280 g\/m\u00b280% algod\u00f3n pre-encogido, ringspun y peinado, 20% poli\u00e9sterHeather Grey: 75% algod\u00f3n pre-encogido, ringspun y peinado, 21% poli\u00e9ster, 4% viscosaHeather Mid Grey: 60% algod\u00f3n pre-encogido, ring<\/p>","protected":false},"featured_media":413910,"comment_status":"open","ping_status":"closed","template":"","meta":{"_acf_changed":false},"product_brand":[11653],"product_cat":[13973],"product_tag":[14009],"class_list":{"0":"post-373317","1":"product","2":"type-product","3":"status-publish","4":"has-post-thumbnail","6":"product_brand-b-c","7":"product_cat-ropa","8":"product_tag-top-ventas","9":"tm-no-options","11":"first","12":"instock","13":"taxable","14":"shipping-taxable","15":"product-type-variable"},"acf":[],"_links":{"self":[{"href":"https:\/\/grupotextil.es\/en\/wp-json\/wp\/v2\/product\/373317","targetHints":{"allow":["GET"]}}],"collection":[{"href":"https:\/\/grupotextil.es\/en\/wp-json\/wp\/v2\/product"}],"about":[{"href":"https:\/\/grupotextil.es\/en\/wp-json\/wp\/v2\/types\/product"}],"replies":[{"embeddable":true,"href":"https:\/\/grupotextil.es\/en\/wp-json\/wp\/v2\/comments?post=373317"}],"wp:featuredmedia":[{"embeddable":true,"href":"https:\/\/grupotextil.es\/en\/wp-json\/wp\/v2\/media\/413910"}],"wp:attachment":[{"href":"https:\/\/grupotextil.es\/en\/wp-json\/wp\/v2\/media?parent=373317"}],"wp:term":[{"taxonomy":"product_brand","embeddable":true,"href":"https:\/\/grupotextil.es\/en\/wp-json\/wp\/v2\/product_brand?post=373317"},{"taxonomy":"product_cat","embeddable":true,"href":"https:\/\/grupotextil.es\/en\/wp-json\/wp\/v2\/product_cat?post=373317"},{"taxonomy":"product_tag","embeddable":true,"href":"https:\/\/grupotextil.es\/en\/wp-json\/wp\/v2\/product_tag?post=373317"}],"curies":[{"name":"wp","href":"https:\/\/api.w.org\/{rel}","templated":true}]}}