{"id":373673,"date":"2026-03-08T03:04:15","date_gmt":"2026-03-08T02:04:15","guid":{"rendered":"https:\/\/grupotextil.es\/producto\/pantalon-de-deporte-nino-2\/"},"modified":"2026-03-08T03:04:15","modified_gmt":"2026-03-08T02:04:15","slug":"pantalon-de-deporte-nino-2","status":"publish","type":"product","link":"https:\/\/grupotextil.es\/en\/product\/pantalon-de-deporte-nino-2\/","title":{"rendered":"Trouser Sports Kids"},"content":{"rendered":"<ul>\n<li>280 g\/m\u00b2<\/li>\n<li>80% algod\u00f3n, 20% poli\u00e9ster<\/li>\n<li>Cintura el\u00e1stica con cord\u00f3n continuo del mismo color, cumpliendo la legislaci\u00f3n europea de ropa de ni\u00f1o<\/li>\n<li>Bajos el\u00e1sticos<\/li>\n<\/ul>","protected":false},"excerpt":{"rendered":"<p>280 g\/m\u00b280% algod\u00f3n, 20% poli\u00e9sterCintura el\u00e1stica con cord\u00f3n continuo del mismo color, cumpliendo la legislaci\u00f3n europea de ropa de ni\u00f1oBajos el\u00e1sticos<\/p>","protected":false},"featured_media":413994,"comment_status":"open","ping_status":"closed","template":"","meta":{"_acf_changed":false},"product_brand":[11665],"product_cat":[13973],"product_tag":[],"class_list":{"0":"post-373673","1":"product","2":"type-product","3":"status-publish","4":"has-post-thumbnail","6":"product_brand-fruit-of-the-loom","7":"product_cat-ropa","8":"tm-no-options","10":"first","11":"instock","12":"taxable","13":"shipping-taxable","14":"product-type-variable"},"acf":[],"_links":{"self":[{"href":"https:\/\/grupotextil.es\/en\/wp-json\/wp\/v2\/product\/373673","targetHints":{"allow":["GET"]}}],"collection":[{"href":"https:\/\/grupotextil.es\/en\/wp-json\/wp\/v2\/product"}],"about":[{"href":"https:\/\/grupotextil.es\/en\/wp-json\/wp\/v2\/types\/product"}],"replies":[{"embeddable":true,"href":"https:\/\/grupotextil.es\/en\/wp-json\/wp\/v2\/comments?post=373673"}],"wp:featuredmedia":[{"embeddable":true,"href":"https:\/\/grupotextil.es\/en\/wp-json\/wp\/v2\/media\/413994"}],"wp:attachment":[{"href":"https:\/\/grupotextil.es\/en\/wp-json\/wp\/v2\/media?parent=373673"}],"wp:term":[{"taxonomy":"product_brand","embeddable":true,"href":"https:\/\/grupotextil.es\/en\/wp-json\/wp\/v2\/product_brand?post=373673"},{"taxonomy":"product_cat","embeddable":true,"href":"https:\/\/grupotextil.es\/en\/wp-json\/wp\/v2\/product_cat?post=373673"},{"taxonomy":"product_tag","embeddable":true,"href":"https:\/\/grupotextil.es\/en\/wp-json\/wp\/v2\/product_tag?post=373673"}],"curies":[{"name":"wp","href":"https:\/\/api.w.org\/{rel}","templated":true}]}}