{"id":373809,"date":"2026-03-08T03:05:27","date_gmt":"2026-03-08T02:05:27","guid":{"rendered":"https:\/\/grupotextil.es\/producto\/sudadera-capucha-ladies\/"},"modified":"2026-03-08T03:05:27","modified_gmt":"2026-03-08T02:05:27","slug":"sudadera-capucha-ladies","status":"publish","type":"product","link":"https:\/\/grupotextil.es\/en\/product\/sudadera-capucha-ladies\/","title":{"rendered":"Sweatshirt capucha Ladies"},"content":{"rendered":"<ul>\n<li>280 g\/m\u00b2<\/li>\n<li>80% algod\u00f3n, 20% poli\u00e9ster<\/li>\n<li>Capucha de doble tejido con cord\u00f3n del mismo color de la prenda<\/li>\n<li>Bolsillo cangurp<\/li>\n<li>Pu\u00f1os y bajo en canal\u00e9 de algod\u00f3n\/Lycra\u00ae para retener mejor la forma<\/li>\n<li>Costuras laterales con forma para un corte m\u00e1s femenino<\/li>\n<\/ul>","protected":false},"excerpt":{"rendered":"<p>280 g\/m\u00b280% algod\u00f3n, 20% poli\u00e9sterCapucha de doble tejido con cord\u00f3n del mismo color de la prendaBolsillo cangurpPu\u00f1os y bajo en canal\u00e9 de algod\u00f3n\/Lycra\u00ae para retener mejor la formaCosturas laterales<\/p>","protected":false},"featured_media":414047,"comment_status":"open","ping_status":"closed","template":"","meta":{"_acf_changed":false},"product_brand":[11665],"product_cat":[13973],"product_tag":[],"class_list":{"0":"post-373809","1":"product","2":"type-product","3":"status-publish","4":"has-post-thumbnail","6":"product_brand-fruit-of-the-loom","7":"product_cat-ropa","8":"tm-no-options","10":"first","11":"instock","12":"taxable","13":"shipping-taxable","14":"product-type-variable"},"acf":[],"_links":{"self":[{"href":"https:\/\/grupotextil.es\/en\/wp-json\/wp\/v2\/product\/373809","targetHints":{"allow":["GET"]}}],"collection":[{"href":"https:\/\/grupotextil.es\/en\/wp-json\/wp\/v2\/product"}],"about":[{"href":"https:\/\/grupotextil.es\/en\/wp-json\/wp\/v2\/types\/product"}],"replies":[{"embeddable":true,"href":"https:\/\/grupotextil.es\/en\/wp-json\/wp\/v2\/comments?post=373809"}],"wp:featuredmedia":[{"embeddable":true,"href":"https:\/\/grupotextil.es\/en\/wp-json\/wp\/v2\/media\/414047"}],"wp:attachment":[{"href":"https:\/\/grupotextil.es\/en\/wp-json\/wp\/v2\/media?parent=373809"}],"wp:term":[{"taxonomy":"product_brand","embeddable":true,"href":"https:\/\/grupotextil.es\/en\/wp-json\/wp\/v2\/product_brand?post=373809"},{"taxonomy":"product_cat","embeddable":true,"href":"https:\/\/grupotextil.es\/en\/wp-json\/wp\/v2\/product_cat?post=373809"},{"taxonomy":"product_tag","embeddable":true,"href":"https:\/\/grupotextil.es\/en\/wp-json\/wp\/v2\/product_tag?post=373809"}],"curies":[{"name":"wp","href":"https:\/\/api.w.org\/{rel}","templated":true}]}}